{"id":1304,"date":"2012-05-11T19:20:09","date_gmt":"2012-05-11T17:20:09","guid":{"rendered":"http:\/\/www.historiacocina.com\/es\/?page_id=1304"},"modified":"2012-10-20T11:05:49","modified_gmt":"2012-10-20T09:05:49","slug":"narraciones-gastronomicas","status":"publish","type":"page","link":"https:\/\/www.historiacocina.com\/es\/narraciones-gastronomicas","title":{"rendered":"Narraciones gastron\u00f3micas"},"content":{"rendered":"<p><a href=\"https:\/\/www.historiacocina.com\/es\/rable-de-liebre\">R\u00e2ble de liebre y chuletita empanada en frutos secos<\/a>. Autor Carlos Azcoytia, recetas de Sergio Fern\u00e1ndez Guerrero<\/p>\n<p><a href=\"https:\/\/www.historiacocina.com\/es\/historias-del-azafran-2\">Historias con color y sabor sobre el azafr\u00e1n<\/a>. Autora: Graciela Pacheco de Balbastro<\/p>\n<p><a href=\"https:\/\/www.historiacocina.com\/es\/la-escudilla-del-caminante\">El Camino de Santiago y la escudilla del caminante<\/a>. Autora: Graciela Pacheco de Balbastro<\/p>\n<p><a href=\"https:\/\/www.historiacocina.com\/es\/dulce-de-leche-argentino\">El dulce de leche argentino<\/a>. Autora: Graciela Pacheco de Balbastro<\/p>\n<p><a href=\"https:\/\/www.historiacocina.com\/es\/sopa-paraguaya-o-guaranitica\">Sopa paraguaya o guaran\u00edtica<\/a>. Graciela Pacheco de Balbastro<\/p>\n","protected":false},"excerpt":{"rendered":"<p>R\u00e2ble de liebre y chuletita empanada en frutos secos. Autor Carlos Azcoytia, recetas de Sergio Fern\u00e1ndez Guerrero Historias con color y sabor sobre el azafr\u00e1n. Autora: Graciela Pacheco de Balbastro El Camino de Santiago y la escudilla del caminante. Autora: &hellip; <a href=\"https:\/\/www.historiacocina.com\/es\/narraciones-gastronomicas\">Sigue leyendo <span class=\"meta-nav\">&rarr;<\/span><\/a><\/p>\n","protected":false},"author":1,"featured_media":0,"parent":0,"menu_order":0,"comment_status":"closed","ping_status":"closed","template":"","meta":{"_mi_skip_tracking":false,"_exactmetrics_sitenote_active":false,"_exactmetrics_sitenote_note":"","_exactmetrics_sitenote_category":0},"aioseo_notices":[],"_links":{"self":[{"href":"https:\/\/www.historiacocina.com\/es\/wp-json\/wp\/v2\/pages\/1304"}],"collection":[{"href":"https:\/\/www.historiacocina.com\/es\/wp-json\/wp\/v2\/pages"}],"about":[{"href":"https:\/\/www.historiacocina.com\/es\/wp-json\/wp\/v2\/types\/page"}],"author":[{"embeddable":true,"href":"https:\/\/www.historiacocina.com\/es\/wp-json\/wp\/v2\/users\/1"}],"replies":[{"embeddable":true,"href":"https:\/\/www.historiacocina.com\/es\/wp-json\/wp\/v2\/comments?post=1304"}],"version-history":[{"count":8,"href":"https:\/\/www.historiacocina.com\/es\/wp-json\/wp\/v2\/pages\/1304\/revisions"}],"predecessor-version":[{"id":4381,"href":"https:\/\/www.historiacocina.com\/es\/wp-json\/wp\/v2\/pages\/1304\/revisions\/4381"}],"wp:attachment":[{"href":"https:\/\/www.historiacocina.com\/es\/wp-json\/wp\/v2\/media?parent=1304"}],"curies":[{"name":"wp","href":"https:\/\/api.w.org\/{rel}","templated":true}]}}