{"id":1489,"date":"2012-05-13T23:33:55","date_gmt":"2012-05-13T21:33:55","guid":{"rendered":"http:\/\/www.historiacocina.com\/es\/?page_id=1489"},"modified":"2012-07-12T12:06:31","modified_gmt":"2012-07-12T10:06:31","slug":"gastronomia-por-paises","status":"publish","type":"page","link":"https:\/\/www.historiacocina.com\/es\/gastronomia-por-paises","title":{"rendered":"Historia gastron\u00f3mica por paises"},"content":{"rendered":"<div align=\"center\">\n<p>&nbsp;<\/p>\n<table style=\"border-collapse: collapse; width: 100%;\" border=\"0\" cellspacing=\"8\" cellpadding=\"8\">\n<tbody>\n<tr style=\"background-color: #cc9966;\" lang=\"\" valign=\"top\">\n<td width=\"33%\"><\/td>\n<td style=\"text-align: center;\" width=\"33%\"><strong>\u00c1frica<\/strong><\/td>\n<td width=\"34%\"><\/td>\n<\/tr>\n<tr>\n<td style=\"text-align: center;\">Egipto<\/td>\n<td style=\"text-align: center;\">Marruecos<\/td>\n<td><\/td>\n<\/tr>\n<tr style=\"background-color: #00cc33;\" lang=\"\" valign=\"top\">\n<td><\/td>\n<td style=\"text-align: center;\">\u00a0<strong>Am\u00e9rica<\/strong><\/td>\n<td><\/td>\n<\/tr>\n<tr>\n<td style=\"text-align: center;\" width=\"33%\">\u00a0<a href=\"https:\/\/www.historiacocina.com\/es\/gastronomia-por-paises\/argentina\">Argentina<\/a><\/td>\n<td style=\"text-align: center;\" width=\"33%\">\u00a0<a href=\"https:\/\/www.historiacocina.com\/es\/gastronomia-por-paises\/caribe\">Caribe<\/a><\/td>\n<td style=\"text-align: center;\" width=\"34%\">\u00a0<a href=\"https:\/\/www.historiacocina.com\/es\/gastronomia-por-paises\/colombia\">Colombia<\/a><\/td>\n<\/tr>\n<tr>\n<td style=\"text-align: center;\" width=\"33%\">\u00a0<a href=\"https:\/\/www.historiacocina.com\/es\/gastronomia-por-paises\/estados-unidos\">Estados Unidos<\/a><\/td>\n<td style=\"text-align: center;\" width=\"33%\">\u00a0<a href=\"https:\/\/www.historiacocina.com\/es\/gastronomia-por-paises\/mexico-2\">M\u00e9xico<\/a><\/td>\n<td style=\"text-align: center;\" width=\"34%\"><a href=\"https:\/\/www.historiacocina.com\/es\/gastronomia-por-paises\/peru\">Per\u00fa<\/a><\/td>\n<\/tr>\n<tr style=\"background-color: #ffff33;\" lang=\"\" valign=\"top\">\n<td><\/td>\n<td style=\"text-align: center;\"><strong>Asia<\/strong><\/td>\n<td><\/td>\n<\/tr>\n<tr>\n<td style=\"text-align: center;\">China<\/td>\n<td style=\"text-align: center;\">Jap\u00f3n<\/td>\n<td style=\"text-align: center;\">Mesopotamia o Irak<\/td>\n<\/tr>\n<tr style=\"background-color: #e06666;\" lang=\"\" valign=\"top\">\n<td><\/td>\n<td style=\"text-align: center;\"><strong>Europa<\/strong><\/td>\n<td><\/td>\n<\/tr>\n<tr>\n<td style=\"text-align: center;\"><a href=\"historia-de-la-gastronomia-de-alemania\">Alemania<\/a><\/td>\n<td style=\"text-align: center;\"><a href=\"https:\/\/www.historiacocina.com\/es\/gastronomia-por-paises\/espana\">Espa\u00f1a<\/a><\/td>\n<td style=\"text-align: center;\"><a href=\"https:\/\/www.historiacocina.com\/es\/gastronomia-por-paises\/francia\">Francia<\/a><\/td>\n<\/tr>\n<tr>\n<td style=\"text-align: center;\">Inglaterra<\/td>\n<td style=\"text-align: center;\"><a href=\"https:\/\/www.historiacocina.com\/es\/gastronomia-por-paises\/italia\">Italia<\/a><\/td>\n<td style=\"text-align: center;\"><a href=\"https:\/\/www.historiacocina.com\/es\/gastronomia-por-paises\/grecia\">Grecia<\/a><\/td>\n<\/tr>\n<tr style=\"background-color: #84b5e6;\" lang=\"\" valign=\"top\">\n<td><\/td>\n<td style=\"text-align: center;\"><strong>Ocean\u00eda<\/strong><\/td>\n<td><\/td>\n<\/tr>\n<tr>\n<td><\/td>\n<td><\/td>\n<td><\/td>\n<\/tr>\n<\/tbody>\n<\/table>\n<\/div>\n","protected":false},"excerpt":{"rendered":"<p>&nbsp; \u00c1frica Egipto Marruecos \u00a0Am\u00e9rica \u00a0Argentina \u00a0Caribe \u00a0Colombia \u00a0Estados Unidos \u00a0M\u00e9xico Per\u00fa Asia China Jap\u00f3n Mesopotamia o Irak Europa Alemania Espa\u00f1a Francia Inglaterra Italia Grecia Ocean\u00eda<\/p>\n","protected":false},"author":1,"featured_media":0,"parent":0,"menu_order":0,"comment_status":"closed","ping_status":"open","template":"","meta":{"_mi_skip_tracking":false,"_exactmetrics_sitenote_active":false,"_exactmetrics_sitenote_note":"","_exactmetrics_sitenote_category":0},"aioseo_notices":[],"_links":{"self":[{"href":"https:\/\/www.historiacocina.com\/es\/wp-json\/wp\/v2\/pages\/1489"}],"collection":[{"href":"https:\/\/www.historiacocina.com\/es\/wp-json\/wp\/v2\/pages"}],"about":[{"href":"https:\/\/www.historiacocina.com\/es\/wp-json\/wp\/v2\/types\/page"}],"author":[{"embeddable":true,"href":"https:\/\/www.historiacocina.com\/es\/wp-json\/wp\/v2\/users\/1"}],"replies":[{"embeddable":true,"href":"https:\/\/www.historiacocina.com\/es\/wp-json\/wp\/v2\/comments?post=1489"}],"version-history":[{"count":34,"href":"https:\/\/www.historiacocina.com\/es\/wp-json\/wp\/v2\/pages\/1489\/revisions"}],"predecessor-version":[{"id":1568,"href":"https:\/\/www.historiacocina.com\/es\/wp-json\/wp\/v2\/pages\/1489\/revisions\/1568"}],"wp:attachment":[{"href":"https:\/\/www.historiacocina.com\/es\/wp-json\/wp\/v2\/media?parent=1489"}],"curies":[{"name":"wp","href":"https:\/\/api.w.org\/{rel}","templated":true}]}}