{"id":1510,"date":"2012-05-14T13:28:06","date_gmt":"2012-05-14T11:28:06","guid":{"rendered":"http:\/\/www.historiacocina.com\/es\/?page_id=1510"},"modified":"2012-08-16T23:54:19","modified_gmt":"2012-08-16T21:54:19","slug":"francia","status":"publish","type":"page","link":"https:\/\/www.historiacocina.com\/es\/gastronomia-por-paises\/francia","title":{"rendered":"Historia de la gastronom\u00eda de Francia"},"content":{"rendered":"<div align=\"center\">\n<p>&nbsp;<\/p>\n<table style=\"width: 100%; border-collapse: collapse;\" border=\"0\" cellspacing=\"8\" cellpadding=\"8\">\n<tbody>\n<tr style=\"background-color: #b5b5ff;\" lang=\"\" valign=\"top\">\n<td width=\"33%\"><\/td>\n<td style=\"text-align: center;\" width=\"33%\">\u00a0<strong>Historia de los restaurantes m\u00edticos<\/strong><\/td>\n<td width=\"34%\"><\/td>\n<\/tr>\n<tr>\n<td width=\"33%\"><span style=\"color: #000000;\"><a href=\"http:\/\/www.historiacocina.com\/gourmets\/articulos\/restaurante.html\" target=\"_blank\"><span style=\"color: #000000;\">\u00a0Origen del nombre &#8216;restaurante&#8217;<\/span><\/a><\/span><\/td>\n<td width=\"33%\"><span style=\"color: #000000;\"><a href=\"http:\/\/www.historiacocina.com\/gourmets\/articulos\/argent.html\" target=\"_blank\"><span style=\"color: #000000;\">Historia del restaurante La Tour d&#8217;Argent<\/span><\/a><\/span><\/td>\n<td width=\"34%\"><span style=\"color: #000000;\"><a href=\"http:\/\/www.historiacocina.com\/gourmets\/restaurantes\/vefour.html\" target=\"_blank\"><span style=\"color: #000000;\">La historia de la historia de Francia, el restaurante Grand V\u00e9four<\/span><\/a><\/span><\/td>\n<\/tr>\n<tr>\n<td width=\"33%\"><span style=\"color: #000000;\"><a href=\"http:\/\/www.historiacocina.com\/gourmets\/restaurantes\/maxims.html\" target=\"_blank\"><span style=\"color: #000000;\">Historias y leyendas de dos restaurantes: Chez Maxim&#8217;s y Maison Dor\u00e9e <\/span><\/a><\/span><\/td>\n<td width=\"33%\"><span style=\"color: #000000;\"><a href=\"http:\/\/www.historiacocina.com\/gourmets\/restaurantes\/foyot.html\" target=\"_blank\"><span style=\"color: #000000;\">Historia del restaurante Foyot y el terrorismo de estado<br \/>\n<\/span><\/a><\/span><\/td>\n<td width=\"34%\"><span style=\"color: #000000;\"><a href=\"http:\/\/www.historiacocina.com\/gourmets\/restaurantes\/marguery.html\" target=\"_blank\"><span style=\"color: #000000;\">Historia del restaurante Marg\u00e9ry y el amor<\/span><\/a><\/span><\/td>\n<\/tr>\n<tr style=\"background-color: #ffeead;\" lang=\"\" valign=\"top\">\n<td><\/td>\n<td style=\"text-align: center;\"><strong>Cocineros y gourmets<\/strong><\/td>\n<td><\/td>\n<\/tr>\n<tr>\n<td><span style=\"color: #000000;\"><a href=\"http:\/\/www.historiacocina.com\/gourmets\/articulos\/duglere.htm\" target=\"_blank\"><span style=\"color: #000000;\">Adolphe Dugl\u00e9r\u00e9<\/span><\/a><\/span><\/td>\n<td><span style=\"color: #000000;\"><a href=\"http:\/\/www.historiacocina.com\/gourmets\/articulos\/vatel.htm\" target=\"_blank\"><span style=\"color: #000000;\"><span style=\"color: #000000;\">Fran\u00e7ois Vatel<\/span><span style=\"color: #000000;\">, <\/span><\/span><span style=\"color: #000000;\">El Tr\u00e1gico Anfitri\u00f3n de Chantilly<\/span><\/a><\/span><\/td>\n<td>\u00a0<a href=\"http:\/\/www.historiacocina.com\/gourmets\/reyniere\/index.html\" target=\"_blank\"><span style=\"color: #000000;\">Grimod<\/span><span style=\"color: #000000;\"> de la Reyni\u00e8re, el gastr\u00f3nomo exc\u00e9ntrico<\/span><\/a><\/td>\n<\/tr>\n<tr>\n<td><a href=\"http:\/\/www.historiacocina.com\/gourmets\/articulos\/careme.htm\" target=\"_blank\"><span style=\"color: #000000;\">A<\/span><span style=\"color: #000000;\">ntonio Car\u00e9me<\/span><span style=\"color: #000000;\"> (1783-1833)\u00a0El Cocinero de Reyes y la Gastronom\u00eda de su Tiempo<\/span><\/a><\/td>\n<td>\u00a0<a href=\"http:\/\/www.historiacocina.com\/gourmets\/actuales\/bras.html\" target=\"_blank\"><span style=\"color: #000000;\">Michel<\/span><span style=\"color: #000000;\"> Bras<\/span><\/a><\/td>\n<td><\/td>\n<\/tr>\n<tr style=\"background-color: #ff6c47;\" lang=\"\" valign=\"top\">\n<td><\/td>\n<td style=\"text-align: center;\"><strong>Innovaciones gastron\u00f3micas<\/strong><\/td>\n<td><\/td>\n<\/tr>\n<tr>\n<td><a href=\"http:\/\/www.historiacocina.com\/historia\/articulos\/mostaza.htm\" target=\"_blank\"><span style=\"color: #000000;\">Historia de la mostaza<\/span><\/a><\/td>\n<td><a href=\"http:\/\/www.historiacocina.com\/historia\/articulos\/conservas.html\" target=\"_blank\"><span style=\"color: #000000;\">Historia de las conservas<\/span><\/a><\/td>\n<td><a href=\"La verdadera historia del foie gras\" target=\"_blank\"><span style=\"color: #000000;\">Historia del foie-gras<\/span><\/a><\/td>\n<\/tr>\n<tr>\n<td><a href=\"http:\/\/www.historiacocina.com\/historia\/articulos\/sopasobre.htm\" target=\"_blank\"><span style=\"color: #000000;\">El invento de las sopas de sobre<\/span><\/a><\/td>\n<td><span style=\"color: #000000;\"><a href=\"http:\/\/www.historiacocina.com\/historia\/articulos\/margarina.htm\" target=\"_blank\"><span style=\"color: #000000;\">Napole\u00f3n III y la historia de la margarina<\/span><\/a><\/span><\/td>\n<td>\u00a0<a href=\"http:\/\/www.historiacocina.com\/historia\/articulos\/bechamel.htm\" target=\"_blank\"><span style=\"color: #000000;\">Historia de la salsa bechamel<\/span><\/a><\/td>\n<\/tr>\n<tr valign=\"top\">\n<td>\u00a0<span style=\"color: #000000;\"><a href=\"http:\/\/www.historiacocina.com\/historia\/articulos\/aurore.htm\" target=\"_blank\"><span style=\"color: #000000;\">Historia de la &#8216;Oreiller de la belle Aurore&#8217; de Brillat-Savarin y la otra bella Aurora del &#8216;Arc\u00e1ngel de la muerte&#8217;<\/span><\/a><\/span><\/td>\n<td>\u00a0<a href=\"http:\/\/www.historiacocina.com\/historia\/articulos\/caviar.html\" target=\"_blank\"><span style=\"color: #000000;\">Historia del caviar<\/span><\/a><\/td>\n<td>\u00a0<a href=\"http:\/\/www.historiacocina.com\/historia\/articulos\/vinaranja.htm\" target=\"_blank\"><span style=\"color: #000000;\">Historia del vino de naranjas, un muy apreciado licor de las Antillas a comienzos del siglo XIX<\/span><\/a><\/td>\n<\/tr>\n<tr valign=\"top\">\n<td><span style=\"color: #000000;\"><a href=\"http:\/\/www.historiacocina.com\/historia\/articulos\/molecular.htm\" target=\"_blank\"><span style=\"color: #000000;\">Historia de las primeras comidas qu\u00edmicas a comienzos de 1800 o la historia de la cocina molecular y las dentaduras postizas<\/span><span style=\"font-size: x-small;\"><span style=\"color: #ffffff;\">.<\/span><\/span><\/a><\/span><\/td>\n<td><span style=\"color: #000000;\"><a href=\"http:\/\/www.historiacocina.com\/historia\/articulos\/huesos.htm\" target=\"_blank\"><span style=\"color: #000000;\">Historia de la gelatina y la sopa de huesos o el caso del doctor Jakill y mister Hyde en la gastronom\u00eda<\/span><\/a><\/span><\/td>\n<td><a href=\"http:\/\/www.historiacocina.com\/historia\/articulos\/volauvent.htm\"><span style=\"color: #000000;\">Peque\u00f1a historia del Vol-au-vent<\/span><\/a><\/td>\n<\/tr>\n<tr valign=\"top\">\n<td><a href=\"https:\/\/www.historiacocina.com\/es\/modo-de-hacer-pan-con-levadura\"><span style=\"color: #000000;\"><span style=\"color: #000000;\">Modo de hacer pan con levadura de cerveza en el siglo XVI<\/span><\/span><\/a><\/td>\n<td><\/td>\n<td><\/td>\n<\/tr>\n<tr style=\"background-color: #ffb547;\" lang=\"\" valign=\"top\">\n<td><\/td>\n<td style=\"text-align: center;\"><strong>Historia de los quesos<\/strong><\/td>\n<td><\/td>\n<\/tr>\n<tr valign=\"top\">\n<td><a href=\"https:\/\/www.historiacocina.com\/es\/historia-del-queso-de-roquefort\"><span style=\"color: #000000;\">Historia del queso de roquefort y Carlomagno<\/span><\/a><\/td>\n<td><a href=\"https:\/\/www.historiacocina.com\/es\/historia-del-queso-de-roquefort\">\u00a0<\/a><a href=\"https:\/\/www.historiacocina.com\/es\/historia-del-queso-de-roquefort\"><span style=\"color: #000000;\">El Brie, el rey de los quesos<\/span><\/a><\/td>\n<td>\u00a0<a href=\"http:\/\/www.historiacocina.com\/historia\/articulos\/camembert.html\" target=\"_blank\"><span style=\"color: #000000;\">La historia del Camembert<\/span><\/a><\/td>\n<\/tr>\n<tr>\n<td>\n<table style=\"width: 100%;\" border=\"0\" cellspacing=\"8\" cellpadding=\"8\">\n<tbody>\n<tr>\n<td><span style=\"color: #000000;\"><a href=\"https:\/\/www.historiacocina.com\/es\/queso-parmesano\"><span style=\"color: #000000;\">\u00a0Parte de la historia y modo de hacer el queso Parmesano<\/span><\/a><\/span><\/td>\n<\/tr>\n<\/tbody>\n<\/table>\n<\/td>\n<td><\/td>\n<td><\/td>\n<\/tr>\n<tr style=\"background-color: #90da47;\" lang=\"\" valign=\"top\">\n<td><\/td>\n<td style=\"text-align: center;\"><strong>Miscel\u00e1neas<\/strong><\/td>\n<td><\/td>\n<\/tr>\n<tr>\n<td><a href=\"http:\/\/www.historiacocina.com\/gourmets\/articulos\/hipofagia.htm\" target=\"_blank\"><span style=\"color: #000000;\">Los grandes banquetes hipof\u00e1gicos en el siglo XIX<\/span><\/a><\/td>\n<td><a href=\"http:\/\/www.historiacocina.com\/historia\/articulos\/barbegal.htm\" target=\"_blank\"><span style=\"color: #000000;\">Barbegal: El mayor molino de trigo jam\u00e1s so\u00f1ado del Imperio Romano<\/span><\/a><\/td>\n<td><a href=\"http:\/\/www.historiacocina.com\/historia\/cerveza\/pasteur.html\" target=\"_blank\"><span style=\"color: #000000;\">Pasteur y la cerveza<\/span><\/a><\/td>\n<\/tr>\n<tr>\n<td><span style=\"color: #000000;\"><a href=\"http:\/\/www.historiacocina.com\/monograficos\/cafe.htm\" target=\"_blank\"><span style=\"color: #000000;\">\u00a0Historia del caf\u00e9 (monogr\u00e1fico)<\/span><\/a><\/span><\/td>\n<td><span style=\"color: #000000;\"><a href=\"http:\/\/www.historiacocina.com\/monograficos\/patata.htm\" target=\"_blank\"><span style=\"color: #000000;\">\u00a0Historia de la patata (monogr\u00e1fico)<\/span><\/a><\/span><\/td>\n<td>\u00a0<a href=\"http:\/\/www.historiacocina.com\/gourmets\/venenos\/vietnam.html\" target=\"_blank\"><span style=\"color: #000000;\">El estramonio y la guerrilla vietnamita<\/span><\/a><\/td>\n<\/tr>\n<tr>\n<td><a href=\"http:\/\/www.historiacocina.com\/historia\/articulos\/maizeuropa.htm\" target=\"_blank\"><span style=\"color: #000000;\">Historia del ma\u00edz en Europa y de la pelagra<\/span><\/a><\/td>\n<td><\/td>\n<td><\/td>\n<\/tr>\n<\/tbody>\n<\/table>\n<p>&nbsp;<\/p>\n<\/div>\n","protected":false},"excerpt":{"rendered":"<p>&nbsp; \u00a0Historia de los restaurantes m\u00edticos \u00a0Origen del nombre &#8216;restaurante&#8217; Historia del restaurante La Tour d&#8217;Argent La historia de la historia de Francia, el restaurante Grand V\u00e9four Historias y leyendas de dos restaurantes: Chez Maxim&#8217;s y Maison Dor\u00e9e Historia del &hellip; <a href=\"https:\/\/www.historiacocina.com\/es\/gastronomia-por-paises\/francia\">Sigue leyendo <span class=\"meta-nav\">&rarr;<\/span><\/a><\/p>\n","protected":false},"author":1,"featured_media":0,"parent":1489,"menu_order":0,"comment_status":"closed","ping_status":"open","template":"","meta":{"_mi_skip_tracking":false,"_exactmetrics_sitenote_active":false,"_exactmetrics_sitenote_note":"","_exactmetrics_sitenote_category":0},"aioseo_notices":[],"_links":{"self":[{"href":"https:\/\/www.historiacocina.com\/es\/wp-json\/wp\/v2\/pages\/1510"}],"collection":[{"href":"https:\/\/www.historiacocina.com\/es\/wp-json\/wp\/v2\/pages"}],"about":[{"href":"https:\/\/www.historiacocina.com\/es\/wp-json\/wp\/v2\/types\/page"}],"author":[{"embeddable":true,"href":"https:\/\/www.historiacocina.com\/es\/wp-json\/wp\/v2\/users\/1"}],"replies":[{"embeddable":true,"href":"https:\/\/www.historiacocina.com\/es\/wp-json\/wp\/v2\/comments?post=1510"}],"version-history":[{"count":30,"href":"https:\/\/www.historiacocina.com\/es\/wp-json\/wp\/v2\/pages\/1510\/revisions"}],"predecessor-version":[{"id":1765,"href":"https:\/\/www.historiacocina.com\/es\/wp-json\/wp\/v2\/pages\/1510\/revisions\/1765"}],"up":[{"embeddable":true,"href":"https:\/\/www.historiacocina.com\/es\/wp-json\/wp\/v2\/pages\/1489"}],"wp:attachment":[{"href":"https:\/\/www.historiacocina.com\/es\/wp-json\/wp\/v2\/media?parent=1510"}],"curies":[{"name":"wp","href":"https:\/\/api.w.org\/{rel}","templated":true}]}}