{"id":1516,"date":"2012-05-14T13:27:20","date_gmt":"2012-05-14T11:27:20","guid":{"rendered":"http:\/\/www.historiacocina.com\/es\/?page_id=1516"},"modified":"2012-06-07T19:24:08","modified_gmt":"2012-06-07T17:24:08","slug":"italia","status":"publish","type":"page","link":"https:\/\/www.historiacocina.com\/es\/gastronomia-por-paises\/italia","title":{"rendered":"Historia de la gastronom\u00eda de Italia"},"content":{"rendered":"<div align=\"center\">\n<table style=\"border-collapse: collapse; width: 100%;\" border=\"0\" cellspacing=\"8\" cellpadding=\"8\">\n<tbody>\n<tr>\n<td colspan=\"1\"><\/td>\n<td id=\"\" style=\"text-align: center; background-color: #e27070; border-color: #990000; border-style: solid; border-width: 1px;\" lang=\"\" dir=\"\" scope=\"\" colspan=\"1\" align=\"\" valign=\"\"><span style=\"color: #000000;\"><a href=\"http:\/\/www.historiacocina.com\/monograficos\/roma.htm\" target=\"_blank\"><span style=\"color: #000000;\">\u00a0Gran monogr\u00e1fico dedicado a la historia de la gastronom\u00eda de Roma y su imperio<\/span><\/a><\/span><\/td>\n<td colspan=\"1\"><\/td>\n<\/tr>\n<tr id=\"\" lang=\"\" dir=\"\" align=\"\" valign=\"\" bgcolor=\"\">\n<td width=\"33%\"><\/td>\n<td style=\"text-align: center;\" width=\"33%\"><\/td>\n<td width=\"34%\"><\/td>\n<\/tr>\n<tr id=\"\" style=\"background-color: #ffc166;\" lang=\"\" dir=\"\" align=\"\" valign=\"\" bgcolor=\"\">\n<td colspan=\"1\"><\/td>\n<td style=\"text-align: center;\" colspan=\"1\"><strong>Biograf\u00edas y comentarios<\/strong><\/td>\n<td colspan=\"1\"><\/td>\n<\/tr>\n<tr>\n<td colspan=\"1\"><span style=\"color: #000000;\"><a href=\"http:\/\/www.historiacocina.com\/gourmets\/articulos\/scappi.htm\" target=\"_blank\"><span style=\"color: #000000;\">Biograf\u00eda de Bartolomeo Scappi: Cocinero del Papa P\u00edo V y autor de Opera<\/span><\/a><\/span><\/td>\n<td colspan=\"1\"><span style=\"color: #000000;\"><a href=\"http:\/\/www.historiacocina.com\/gourmets\/articulos\/chiquart.htm\" target=\"_blank\"><span style=\"color: #000000;\">Biograf\u00eda del ma\u00eetre Chiquart o la historia de la cocina italiana del medievo en la corte de Amadeo VIII de Saboya (1383-1451)<\/span><\/a><\/span><\/td>\n<td colspan=\"1\"><a href=\"http:\/\/www.historiacocina.com\/gourmets\/articulos\/galateo.htm\" target=\"_blank\"><span style=\"color: #000000;\">Formas de comportarse en la mesa seg\u00fan Giovanni della Casa (1503-1556) en su obra Galateo<\/span><\/a><\/td>\n<\/tr>\n<tr id=\"\" style=\"background-color: #ffff66;\" lang=\"\" dir=\"\" align=\"\" valign=\"\" bgcolor=\"\">\n<td colspan=\"1\"><\/td>\n<td style=\"text-align: center;\" colspan=\"1\"><strong>Marco Polo y la Ruta de la Seda (monogr\u00e1fico)<\/strong><\/td>\n<td colspan=\"1\"><\/td>\n<\/tr>\n<tr>\n<td colspan=\"1\"><a href=\"http:\/\/www.historiacocina.com\/viajeros\/articulos\/marcopolo\/cartografico1.html\"><span style=\"color: #000000;\">Mapa del periplo de Marco Polo<\/span><\/a><\/td>\n<td colspan=\"1\"><a href=\"http:\/\/www.historiacocina.com\/viajeros\/articulos\/marcopolo\/tartaros.html\" target=\"_blank\"><span style=\"color: #000000;\">Los t\u00e1rtaros<\/span><\/a><\/td>\n<td colspan=\"1\"><a href=\"http:\/\/www.historiacocina.com\/viajeros\/articulos\/marcopolo\/banquete.html\" target=\"_blank\"><span style=\"color: #000000;\">La solemnidad en los banquetes del Gran Khan<\/span><\/a><\/td>\n<\/tr>\n<tr>\n<td colspan=\"1\"><a href=\"http:\/\/www.historiacocina.com\/viajeros\/articulos\/marcopolo\/infraestructuras.html\" target=\"_blank\"><span style=\"color: #000000;\">Infraestructuras contra los desastres<\/span><\/a><\/td>\n<td colspan=\"1\"><a href=\"http:\/\/www.historiacocina.com\/viajeros\/articulos\/marcopolo\/camandu.html\" target=\"_blank\"><span style=\"color: #000000;\">De la misteriosa regi\u00f3n de Rotbarle y las campi\u00f1as y ciudad de Karmos<\/span><\/a><\/td>\n<td colspan=\"1\"><a href=\"http:\/\/www.historiacocina.com\/viajeros\/articulos\/marcopolo\/naves.html\" target=\"_blank\"><span style=\"color: #000000;\">De como eran las naves que comerciaban con las especias<\/span><\/a><\/td>\n<\/tr>\n<tr id=\"\" style=\"background-color: #a3e066;\" lang=\"\" dir=\"\" align=\"\" valign=\"\" bgcolor=\"\">\n<td colspan=\"1\"><\/td>\n<td style=\"text-align: center;\" colspan=\"1\"><strong>Leonardo da Vinci y las fantas\u00edas gastron\u00f3micas (monogr\u00e1fico)<\/strong><\/td>\n<td colspan=\"1\"><\/td>\n<\/tr>\n<tr>\n<td colspan=\"1\"><a href=\"http:\/\/www.historiacocina.com\/gourmets\/leonardo\/leonardo.htm\" target=\"_blank\"><span style=\"color: #000000;\">Inventor de los electrodom\u00e9sticos para la cocina<\/span><\/a><\/td>\n<td colspan=\"1\"><a href=\"http:\/\/www.historiacocina.com\/gourmets\/leonardo\/leonardo2.htm\" target=\"_blank\"><span style=\"color: #000000;\">Cuando la cocina se convierte en pesadilla<\/span><\/a><\/td>\n<td colspan=\"1\"><a href=\"http:\/\/www.historiacocina.com\/gourmets\/leonardo\/leonardo1.html\" target=\"_blank\"><span style=\"color: #000000;\">Forma de colocar los enfermos a la mesa seg\u00fan Leonardo da Vinci<\/span><\/a><\/td>\n<\/tr>\n<tr>\n<td colspan=\"1\"><a href=\"http:\/\/www.historiacocina.com\/gourmets\/leonardo\/leonardo3.html\" target=\"_blank\"><span style=\"color: #000000;\">Leonardo da Vinci y la Sagrada Cena<\/span><\/a><\/td>\n<td colspan=\"1\"><a href=\"http:\/\/www.historiacocina.com\/gourmets\/venenos\/borgia.htm\" target=\"_blank\"><span style=\"color: #000000;\">Los venenos de los Borgia y Leonardo da Vinci<\/span><\/a><\/td>\n<td colspan=\"1\"><\/td>\n<\/tr>\n<tr id=\"\" style=\"background-color: #b5b547;\" lang=\"\" dir=\"\" align=\"\" valign=\"\" bgcolor=\"\">\n<td colspan=\"1\"><\/td>\n<td style=\"text-align: center;\" colspan=\"1\"><strong>Pellegrino Artusi (monogr\u00e1fico)<\/strong><\/td>\n<td colspan=\"1\"><\/td>\n<\/tr>\n<tr>\n<td colspan=\"1\"><span style=\"color: #000000;\"><a href=\"http:\/\/www.historiacocina.com\/gourmets\/artusi\/bio.html\" target=\"_blank\"><span style=\"color: #000000;\">Biograf\u00eda de Pellegrino Artusi I<\/span><\/a><\/span><\/td>\n<td colspan=\"1\"><span style=\"color: #000000;\"><a href=\"http:\/\/www.historiacocina.com\/gourmets\/artusi\/bio2.html\" target=\"_blank\"><span style=\"color: #000000;\">Biograf\u00eda de Pellegrino Artusi II<\/span><\/a><\/span><\/td>\n<td colspan=\"1\"><a href=\"http:\/\/www.historiacocina.com\/gourmets\/artusi\/libro.html\" target=\"_blank\"><span style=\"color: #000000;\">La historia de un libro que se parece a la de la Cenicienta I<\/span><\/a><\/td>\n<\/tr>\n<tr>\n<td colspan=\"1\"><a href=\"http:\/\/www.historiacocina.com\/gourmets\/artusi\/libro2.html\" target=\"_blank\"><span style=\"color: #000000;\">La historia de un libro que se parece a la de la Cenicienta II<\/span><\/a><\/td>\n<td colspan=\"1\"><a href=\"http:\/\/www.historiacocina.com\/gourmets\/artusi\/prefacio.html\" target=\"_blank\"><span style=\"color: #000000;\">Diccionario de la cocina Roma\u00f1ola<\/span><\/a><\/td>\n<td colspan=\"1\"><a href=\"http:\/\/www.historiacocina.com\/gourmets\/artusi\/artusi.htm\" target=\"_blank\"><span style=\"color: #000000;\">Rese\u00f1a de un libro: La ciencia en la cocina y el arte de comer bien<\/span><\/a><\/td>\n<\/tr>\n<tr id=\"\" style=\"background-color: #8cc570;\" lang=\"\" dir=\"\" align=\"\" valign=\"\" bgcolor=\"\">\n<td colspan=\"1\"><\/td>\n<td style=\"text-align: center;\" colspan=\"1\"><strong>Alimentos b\u00e1sicos de la cocina italiana<\/strong><\/td>\n<td colspan=\"1\"><\/td>\n<\/tr>\n<tr>\n<td colspan=\"1\"><a href=\"http:\/\/www.historiacocina.com\/historia\/articulos\/pizza.html\" target=\"_blank\"><span style=\"color: #000000;\">Dos historias para ser contadas, la de la pizza y la del risotto<\/span><\/a><\/td>\n<td colspan=\"1\"><a href=\"http:\/\/www.historiacocina.com\/historia\/articulos\/milanesa.htm\" target=\"_blank\"><span style=\"color: #000000;\">La verdad de la Milanesa<\/span><\/a><\/td>\n<td colspan=\"1\"><a href=\"http:\/\/www.historiacocina.com\/historia\/tomate\/turista.html\" target=\"_blank\"><span style=\"color: #000000;\">Un turista llamado Tomate<\/span><\/a><\/td>\n<\/tr>\n<tr>\n<td>\n<table style=\"width: 100%;\" border=\"0\" cellspacing=\"8\" cellpadding=\"8\">\n<tbody>\n<tr>\n<td><span style=\"color: #000000;\"><a href=\"http:\/\/www.historiacocina.com\/es\/queso-parmesano\"><span style=\"color: #000000;\">\u00a0Parte de la historia y modo de hacer el queso Parmesano<\/span><\/a><\/span><\/td>\n<\/tr>\n<\/tbody>\n<\/table>\n<\/td>\n<td><\/td>\n<td><\/td>\n<\/tr>\n<tr id=\"\" style=\"background-color: #bdbdff;\" lang=\"\" dir=\"\" align=\"\" valign=\"\" bgcolor=\"\">\n<td colspan=\"1\"><\/td>\n<td style=\"text-align: center;\" colspan=\"1\"><strong>Aparatos y utensilios<\/strong><\/td>\n<td colspan=\"1\"><\/td>\n<\/tr>\n<tr>\n<td colspan=\"1\"><a href=\"http:\/\/www.historiacocina.com\/historia\/articulos\/tenedor.htm\" target=\"_blank\"><span style=\"color: #000000;\">Historia del tenedor<\/span><\/a><\/td>\n<td colspan=\"1\"><a href=\"http:\/\/www.historiacocina.com\/historia\/cafe\/index.htm\" target=\"_blank\"><span style=\"color: #000000;\">Historia de la cafetera<\/span><\/a><\/td>\n<td colspan=\"1\"><\/td>\n<\/tr>\n<\/tbody>\n<\/table>\n<p>&nbsp;<\/p>\n<\/div>\n","protected":false},"excerpt":{"rendered":"<p>\u00a0Gran monogr\u00e1fico dedicado a la historia de la gastronom\u00eda de Roma y su imperio Biograf\u00edas y comentarios Biograf\u00eda de Bartolomeo Scappi: Cocinero del Papa P\u00edo V y autor de Opera Biograf\u00eda del ma\u00eetre Chiquart o la historia de la cocina &hellip; <a href=\"https:\/\/www.historiacocina.com\/es\/gastronomia-por-paises\/italia\">Sigue leyendo <span class=\"meta-nav\">&rarr;<\/span><\/a><\/p>\n","protected":false},"author":1,"featured_media":0,"parent":1489,"menu_order":0,"comment_status":"open","ping_status":"open","template":"","meta":{"_mi_skip_tracking":false,"_exactmetrics_sitenote_active":false,"_exactmetrics_sitenote_note":"","_exactmetrics_sitenote_category":0},"aioseo_notices":[],"_links":{"self":[{"href":"https:\/\/www.historiacocina.com\/es\/wp-json\/wp\/v2\/pages\/1516"}],"collection":[{"href":"https:\/\/www.historiacocina.com\/es\/wp-json\/wp\/v2\/pages"}],"about":[{"href":"https:\/\/www.historiacocina.com\/es\/wp-json\/wp\/v2\/types\/page"}],"author":[{"embeddable":true,"href":"https:\/\/www.historiacocina.com\/es\/wp-json\/wp\/v2\/users\/1"}],"replies":[{"embeddable":true,"href":"https:\/\/www.historiacocina.com\/es\/wp-json\/wp\/v2\/comments?post=1516"}],"version-history":[{"count":19,"href":"https:\/\/www.historiacocina.com\/es\/wp-json\/wp\/v2\/pages\/1516\/revisions"}],"predecessor-version":[{"id":1892,"href":"https:\/\/www.historiacocina.com\/es\/wp-json\/wp\/v2\/pages\/1516\/revisions\/1892"}],"up":[{"embeddable":true,"href":"https:\/\/www.historiacocina.com\/es\/wp-json\/wp\/v2\/pages\/1489"}],"wp:attachment":[{"href":"https:\/\/www.historiacocina.com\/es\/wp-json\/wp\/v2\/media?parent=1516"}],"curies":[{"name":"wp","href":"https:\/\/api.w.org\/{rel}","templated":true}]}}