{"id":1519,"date":"2012-05-14T13:29:00","date_gmt":"2012-05-14T11:29:00","guid":{"rendered":"http:\/\/www.historiacocina.com\/es\/?page_id=1519"},"modified":"2014-08-04T13:10:01","modified_gmt":"2014-08-04T11:10:01","slug":"mexico-2","status":"publish","type":"page","link":"https:\/\/www.historiacocina.com\/es\/gastronomia-por-paises\/mexico-2","title":{"rendered":"Historia de la gastronom\u00eda de M\u00e9xico"},"content":{"rendered":"<div align=\"center\">\n<p><span style=\"color: #800000;\"><strong><span style=\"color: #000080;\">Visite los magn\u00edficos trabajos sobre Etnohistoria de nuestra compa\u00f1era Martha Delf\u00edn Guillaum\u00edn en nuestra otra revista Ciberjob<\/span> <span style=\"text-decoration: underline;\"><a href=\"http:\/\/www.ciberjob.org\/etnohistoria\/index.htm\" target=\"_blank\"><span style=\"color: #800000; text-decoration: underline;\">presionando aqu\u00ed<\/span><\/a><\/span><\/strong><\/span><\/p>\n<table style=\"width: 100%; border-collapse: collapse;\" border=\"0\" cellspacing=\"8\" cellpadding=\"8\">\n<tbody>\n<tr lang=\"\" style=\"background-color: #ffb584;\" valign=\"top\">\n<td width=\"33%\"><\/td>\n<td style=\"text-align: center;\" width=\"33%\">\u00a0<strong>Costumbres alimenticias de los indios<\/strong><\/td>\n<td width=\"34%\"><\/td>\n<\/tr>\n<tr valign=\"top\">\n<td><span style=\"color: #000000;\"><a href=\"http:\/\/www.historiacocina.com\/paises\/articulos\/perros.html\" target=\"_blank\"><span style=\"color: #000000;\">Los perros como alimento en Mesoam\u00e9rica<\/span><\/a><\/span><\/td>\n<td><span style=\"color: #000000;\"><a href=\"http:\/\/www.historiacocina.com\/viajeros\/articulos\/clavijero\/pitahayas.html\" target=\"_blank\"><span style=\"color: #000000;\">Alimentaci\u00f3n de los Pitahayas<\/span><\/a><\/span><\/td>\n<td><span style=\"color: #000000;\"><a href=\"http:\/\/www.historiacocina.com\/viajeros\/articulos\/clavijero\/clavejero2.html\" target=\"_blank\"><span style=\"color: #000000;\">Una extra\u00f1a de comer de los indios de la Baja California a principios del siglo XVIII<\/span><\/a><\/span><\/td>\n<\/tr>\n<tr valign=\"top\">\n<td><span style=\"color: #000000;\"><a href=\"http:\/\/www.historiacocina.com\/viajeros\/articulos\/clavijero\/clavejero1.html\" target=\"_blank\"><span style=\"color: #000000;\">Un pan muy sabroso y una carta mentirosa<\/span><\/a><\/span><\/td>\n<td><span style=\"color: #000000;\"><a href=\"http:\/\/www.historiacocina.com\/paises\/articulos\/apaches.htm\" target=\"_blank\"><span style=\"color: #000000;\">Breves noticias sobre la comida y la bebida entre los apaches y otros pueblos indios del norte de M\u00e9xico<\/span><\/a><\/span><\/td>\n<td><span style=\"color: #000000;\"><a href=\"http:\/\/www.historiacocina.com\/paises\/articulos\/mexico\/tianguis.htm\" target=\"_blank\"><span style=\"color: #000000;\">Breve comentario sobre la historia de los tianguis y los mercados de M\u00e9xico<\/span><\/a><\/span><\/td>\n<\/tr>\n<tr lang=\"\" style=\"background-color: #66cc00;\" valign=\"top\">\n<td><\/td>\n<td style=\"text-align: center;\"><strong>Gastronom\u00eda colonial<\/strong><\/td>\n<td><\/td>\n<\/tr>\n<tr valign=\"top\">\n<td><span style=\"color: #000000;\"><a href=\"http:\/\/www.historiacocina.com\/viajeros\/articulos\/vaca1.htm\" target=\"_blank\"><span style=\"color: #000000;\">De c\u00f3mo nos cuenta Alvar N\u00fa\u00f1ez Cabeza de Vaca como vivi\u00f3 en la isla llamada Mal Hado<\/span><\/a><\/span><\/td>\n<td><span style=\"color: #000000;\"><a href=\"http:\/\/www.historiacocina.com\/paises\/articulos\/mexico\/1566independencia.htm\" target=\"_blank\"><span style=\"color: #000000;\">Un intento de independencia en M\u00e9xico hacia 1566<\/span><\/a><\/span><\/td>\n<td><span style=\"color: #000000;\"><a href=\"http:\/\/www.historiacocina.com\/historia\/articulos\/azucarmorelos.htm\" target=\"_blank\"><span style=\"color: #000000;\">Historia de la industria azucarera en el valle de Cuautla, Morelos, durante la \u00e9poca colonial: aspectos f\u00edsicos y humanos<\/span><\/a><\/span><\/td>\n<\/tr>\n<tr>\n<td><span style=\"color: #000000;\"><a href=\"https:\/\/www.historiacocina.com\/es\/el-pulque-en-tacubaya-durante-la-epoca-colonial\" target=\"_blank\"><span style=\"color: #000000;\">Breves noticias sobre la producci\u00f3n de pulque en Tacubaya en la \u00e9poca colonial<\/span><\/a><\/span><\/td>\n<td><span style=\"color: #000000;\"><a href=\"http:\/\/www.historiacocina.com\/paises\/articulos\/mexico\/cabos.htm\" target=\"_blank\"><span style=\"color: #000000;\">Historia colonial y actual de los Cabos de Baja California sur y su gastronom\u00eda<\/span><\/a><\/span><\/td>\n<td><span style=\"color: #000000;\"><a href=\"http:\/\/www.historiacocina.com\/paises\/articulos\/mexico\/16septiembre.htm\" target=\"_blank\"><span style=\"color: #000000;\">16 de septiembre: celebraci\u00f3n de la independencia y la gastronom\u00eda de M\u00e9xico<\/span><\/a><\/span><\/td>\n<\/tr>\n<tr>\n<td><span style=\"color: #000000;\"><a href=\"http:\/\/www.historiacocina.com\/paises\/articulos\/mexico\/veracruzana.htm\" target=\"_blank\"><span style=\"color: #000000;\">Origen e historia de la comida veracruzana afromestiza<\/span><\/a><\/span><\/td>\n<td><span style=\"color: #000000;\"><a href=\"https:\/\/www.historiacocina.com\/es\/ordenanzas-municipales-de-mexico\"><span style=\"color: #000000;\">Las ordenanzas municipales de 1845 de Departamento de M\u00e9xico<\/span><\/a><\/span><\/td>\n<td><span style=\"color: #000000;\"><a href=\"https:\/\/www.historiacocina.com\/es\/ordenanzas-municipales-de-mexico\"><span style=\"color: #000000;\">\u00a0<\/span><\/a><\/span><\/td>\n<\/tr>\n<tr lang=\"\" style=\"background-color: #ff9999;\" valign=\"top\">\n<td><\/td>\n<td style=\"text-align: center;\"><strong>Historia de alimentos<\/strong><\/td>\n<td><\/td>\n<\/tr>\n<tr valign=\"top\">\n<td width=\"33%\"><span style=\"color: #000000;\"><a href=\"http:\/\/www.historiacocina.com\/historia\/articulos\/guajolote.htm\" target=\"_blank\"><span style=\"color: #000000;\">Las aves de la tierra: el guajalote o pavo<\/span><\/a><\/span><\/td>\n<td width=\"33%\"><span style=\"color: #000000;\"><a href=\"http:\/\/www.historiacocina.com\/historia\/articulos\/pavo.html\" target=\"_blank\"><span style=\"color: #000000;\">Breve historia del pavo<\/span><\/a><\/span><\/td>\n<td width=\"34%\"><span style=\"color: #000000;\"><a href=\"http:\/\/www.historiacocina.com\/paises\/articulos\/mexico\/tamal.htm\"><span style=\"color: #000000;\">Historia del tamal, la comida y las supersticiones\u00a0en la obra de fray Bernardino de Sahag\u00fan<\/span><\/a><\/span><\/td>\n<\/tr>\n<tr>\n<td><a href=\"http:\/\/www.historiacocina.com\/paises\/articulos\/mexico\/chilesnogada.htm\" target=\"_blank\"><span style=\"color: #000000;\">Los chiles en Nogada de Puebla, un invento muy independiente y otros datos de la comida poblana<\/span><\/a><\/td>\n<td valign=\"top\"><span style=\"color: #000000;\"><a href=\"http:\/\/www.historiacocina.com\/paises\/articulos\/mexico\/desarrollo.htm\" target=\"_blank\"><span style=\"color: #000000;\">Desarrollo gastron\u00f3mico de M\u00e9xico<\/span><\/a><\/span><\/td>\n<td valign=\"top\"><a href=\"http:\/\/www.historiacocina.com\/paises\/articulos\/mexico\/parras.htm\" target=\"_blank\"><span style=\"color: #000000;\">Reposter\u00eda y c\u00f3cteles de Parras (Coahuila, M\u00e9xico) en el siglo XVIII<\/span><\/a><\/td>\n<\/tr>\n<tr>\n<td valign=\"top\"><span style=\"color: #000000;\"><a href=\"http:\/\/www.historiacocina.com\/paises\/articulos\/mexico\/reliquia.htm\" target=\"_blank\"><span style=\"color: #000000;\">Historia y origen de la &#8216;Reliquia&#8217; en Torre\u00f3n<\/span><\/a><\/span><\/td>\n<td><span style=\"color: #000000;\"><a href=\"http:\/\/www.historiacocina.com\/paises\/articulos\/mexico\/pastes.htm\" target=\"_blank\"><span style=\"color: #000000;\">Los pastes, una tradici\u00f3n culinaria de Real del Monte, un pueblo m\u00e1gico de M\u00e9xico<\/span><\/a><\/span><\/td>\n<td valign=\"top\"><span style=\"color: #000000;\"><a href=\"http:\/\/www.historiacocina.com\/historia\/articulos\/acostamiento.htm\" target=\"_blank\"><span style=\"color: #000000;\">El Acostamiento del Ni\u00f1o Dios y los bu\u00f1uelos en la comarca Lagunera<\/span><\/a><\/span><\/td>\n<\/tr>\n<tr>\n<td><span style=\"color: #000000;\"><a href=\"http:\/\/www.historiacocina.com\/paises\/articulos\/mexico\/panmuertos.htm\" target=\"_blank\"><span style=\"color: #000000;\">Pan de muerto una tradici\u00f3n en M\u00e9xico<\/span><\/a><\/span><\/td>\n<td><span style=\"color: #000000;\"><a href=\"http:\/\/www.historiacocina.com\/paises\/articulos\/mexico\/huautli.htm\" target=\"_blank\"><span style=\"color: #000000;\">Historia del huautli, las &#8216;alegr\u00edas&#8217; de M\u00e9xico<\/span><\/a><\/span><\/td>\n<td><span style=\"color: #000000;\"><a href=\"http:\/\/www.historiacocina.com\/paises\/articulos\/mexico\/maiz.htm\" target=\"_blank\"><span style=\"color: #000000;\">El ma\u00edz, una planta del patrimonio cultural mexicano<\/span><\/a><\/span><\/td>\n<\/tr>\n<tr>\n<td><span style=\"color: #000000;\"><a href=\"http:\/\/www.historiacocina.com\/paises\/articulos\/mexico\/paletas.htm\" target=\"_blank\"><span style=\"color: #000000;\">Las paletas, los ricos helados que hay en M\u00e9xico<\/span><\/a><\/span><\/td>\n<td><span style=\"color: #000000;\"><a href=\"http:\/\/www.historiacocina.com\/paises\/articulos\/mexico\/pescado.htm\" target=\"_blank\"><span style=\"color: #000000;\">Historia del pescado, un antiguo manjar del estado de Michaocan<\/span><\/a><\/span><\/td>\n<td><span style=\"color: #000000;\"><a href=\"http:\/\/www.historiacocina.com\/paises\/articulos\/mexico\/aguacate.htm\" target=\"_blank\"><span style=\"color: #000000;\">El aguacate, el oro verde de Tingambato, Michaocan<\/span><\/a><\/span><\/td>\n<\/tr>\n<tr>\n<td><span style=\"color: #000000;\"><a href=\"http:\/\/www.historiacocina.com\/paises\/articulos\/mexico\/coyotas.htm\" target=\"_blank\"><span style=\"color: #000000;\">Historia de unas ricas galletas dulces, las Coyotas de Sonora<\/span><\/a><\/span><\/td>\n<td><span style=\"color: #000000;\"><a href=\"http:\/\/www.historiacocina.com\/monograficos\/chocolate.htm\" target=\"_blank\"><span style=\"color: #000000;\">Historia del chocolate (monogr\u00e1fico)<\/span><\/a><\/span><\/td>\n<td><span style=\"color: #000000;\"><a href=\"https:\/\/www.historiacocina.com\/es\/archivo-parroquial\"><span style=\"color: #000000;\">\u00a0Algo curioso hallado en un archivo parriquial<\/span><\/a><\/span><\/td>\n<\/tr>\n<tr lang=\"\" style=\"background-color: #ff0000;\" valign=\"top\">\n<td><\/td>\n<td style=\"text-align: center;\"><strong>Turismo y cultura gastron\u00f3mica<\/strong><\/td>\n<td><\/td>\n<\/tr>\n<tr valign=\"top\">\n<td><span style=\"color: #000000;\"><a href=\"http:\/\/www.historiacocina.com\/es\/comida-mexicana#more-2111\"><span style=\"color: #000000;\">Un viaje por la comida mexicana<\/span><\/a><\/span><\/td>\n<td><span style=\"color: #000000;\"><a href=\"http:\/\/www.historiacocina.com\/paises\/articulos\/parras.htm\" target=\"_blank\"><span style=\"color: #000000;\">Visita a un pueblo m\u00e1gico, Parras de la Fuente, Coahuila, la cuna del vino americano<\/span><\/a><\/span><\/td>\n<td><span style=\"color: #000000;\"><a href=\"http:\/\/www.historiacocina.com\/paises\/articulos\/mexico\/paracho.htm\" target=\"_blank\"><span style=\"color: #000000;\">Paracho, la capital mundial de la guitarra y la Cuarta Feria del Ma\u00edz<\/span><\/a><\/span><\/td>\n<\/tr>\n<tr valign=\"top\">\n<td><span style=\"color: #000000;\"><a href=\"http:\/\/www.historiacocina.com\/paises\/articulos\/mexico\/caltzontzin.htm\" target=\"_blank\"><span style=\"color: #000000;\">Un d\u00eda en Caltzontzin (Michoac\u00e1n, M\u00e9xico) disfrutando de su patrimonio gastron\u00f3mico y cultural<\/span><\/a><\/span><\/td>\n<td>\u00a0<a href=\"http:\/\/www.historiacocina.com\/paises\/articulos\/mexico\/caltzontzin1.htm\" target=\"_blank\"><span style=\"color: #000000;\">Una comida sabrosa, tradici\u00f3n gastron\u00f3mica p\u2019urh\u00e9pecha \u00a0en Caltzontzin, Michoac\u00e1n<\/span><\/a><\/td>\n<td><span style=\"color: #000000;\"><a href=\"http:\/\/www.historiacocina.com\/paises\/articulos\/mexico\/tingambato.htm\" target=\"_blank\"><span style=\"color: #000000;\">Gastronom\u00eda de Tingambato (M\u00e9xico) y las fiestas a Santiago Ap\u00f3stol en 2008<\/span><\/a><\/span><\/td>\n<\/tr>\n<tr>\n<td><a href=\"http:\/\/www.historiacocina.com\/paises\/articulos\/mexico\/teotihuacan.htm\" target=\"_blank\"><span style=\"color: #000000;\">Una rica comida en Teotihuac\u00e1n<\/span><\/a><\/td>\n<td><a href=\"http:\/\/www.historiacocina.com\/paises\/articulos\/mexico\/huauzontle.htm\" target=\"_blank\"><span style=\"color: #000000;\">Huauzontle, bledo como cabello<\/span><\/a><\/td>\n<td><span style=\"color: #000000;\"><a href=\"http:\/\/www.historiacocina.com\/paises\/articulos\/mexico\/chiapa.htm\" target=\"_blank\"><span style=\"color: #000000;\">Una visita a Chiapa de Corzo<\/span><\/a><\/span><\/td>\n<\/tr>\n<tr valign=\"top\">\n<td><span style=\"color: #000000;\"><a href=\"http:\/\/www.historiacocina.com\/paises\/articulos\/mexico\/candelaria.htm\" target=\"_blank\"><span style=\"color: #000000;\">La Candelaria, los usos del ma\u00edz en su culto. Fiesta del tamal Cayaocan 2012<\/span><\/a><\/span><\/td>\n<td><span style=\"color: #000000;\"><a href=\"http:\/\/www.historiacocina.com\/paises\/articulos\/tihosuco.html\" target=\"_blank\"><span style=\"color: #000000;\">Tohosuco&#8230;, lugar m\u00e1gico, hist\u00f3rico y cultural<\/span><\/a><\/span><\/td>\n<td><span style=\"color: #000000;\"><a href=\"http:\/\/www.historiacocina.com\/historia\/articulos\/talaverapoblana.htm\" target=\"_blank\"><span style=\"color: #000000;\">La plata y la talaverana poblana en el servicio neovizca\u00edno<\/span><\/a><\/span><\/td>\n<\/tr>\n<tr valign=\"top\">\n<td><span style=\"color: #000000;\"><a href=\"https:\/\/www.historiacocina.com\/es\/tenampa\"><span style=\"color: #000000;\">Tequila y ponche de array\u00e1n en El Tenampa oyendo al mariachi<\/span><\/a><\/span><\/td>\n<td><span style=\"color: #000000;\"><a href=\"http:\/\/www.ciberjob.org\/cocina\/mejico\/index.htm\" target=\"_blank\"><span style=\"color: #000000;\">Recetas t\u00edpicamente mexicanas<\/span><\/a><\/span><\/td>\n<td><span style=\"color: #000000;\">\u00a0<a href=\"https:\/\/www.historiacocina.com\/es\/itacate\"><span style=\"color: #000000;\">Me llevo mi itacate a casa<\/span><\/a><\/span><\/td>\n<\/tr>\n<tr valign=\"top\">\n<td><span style=\"color: #000000;\"><a href=\"https:\/\/www.historiacocina.com\/es\/fiesta-primera-comunion-mexico\"><span style=\"color: #000000;\">Celebraci\u00f3n y fiesta de la Primera Comuni\u00f3n en M\u00e9xico<\/span><\/a><\/span><\/td>\n<td><a href=\"https:\/\/www.historiacocina.com\/es\/los-dulces-poblanos-algo-rico\">\u00a0<span style=\"color: #000000;\">Los dulces poblanos, algo rico<\/span><\/a><\/td>\n<td><span style=\"color: #000000;\"><a href=\"https:\/\/www.historiacocina.com\/es\/cafe-de-veracruz#more-4614\" target=\"_blank\"><span style=\"color: #000000;\">\u00a0El caf\u00e9 de Veracruz, un agradable sabor, un delicioso olor<\/span><\/a><\/span><\/td>\n<\/tr>\n<tr valign=\"top\">\n<td><span style=\"color: #000000;\"><a href=\"https:\/\/www.historiacocina.com\/es\/huautli\" target=\"_blank\"><span style=\"color: #000000;\">\u00a0Las \u201calegr\u00edas\u201d de M\u00e9xico: el huautli<\/span><\/a><\/span><\/td>\n<td>\u00a0<span style=\"color: #000000;\"><a href=\"https:\/\/www.historiacocina.com\/es\/la-comida-regional-de-colima#more-5649\" target=\"_blank\"><span style=\"color: #000000;\">Historia de la comida regional de Colima, M\u00e9xico<\/span><\/a><\/span><\/td>\n<td>\u00a0<span style=\"color: #000000;\"><a href=\"https:\/\/www.historiacocina.com\/es\/tlaxcala-tierra-del-pulque-y-del-maiz#more-6387\" target=\"_blank\"><span style=\"color: #000000;\">Tlaxcala, tierra del pulque y del ma\u00edz<\/span><\/a><\/span><\/td>\n<\/tr>\n<tr valign=\"top\">\n<td><span style=\"color: #000000;\"><a href=\"https:\/\/www.historiacocina.com\/es\/michoacanos#more-6501\" target=\"_blank\"><span style=\"color: #000000;\">Algo delicioso, los platillos y dulces michoacanos<\/span><\/a><\/span><\/td>\n<td>\u00a0<span style=\"color: #000000;\"><a href=\"https:\/\/www.historiacocina.com\/es\/recetario-abuela\" target=\"_blank\"><span style=\"color: #000000;\">El recetario de cocina de mi abuela Lucha<\/span><\/a><\/span><\/td>\n<td>\u00a0<span style=\"color: #000000;\"><a href=\"https:\/\/www.historiacocina.com\/es\/tzintzuntzan-y-santa-fe-de-la-laguna-michoacan#more-6764\" target=\"_blank\"><span style=\"color: #000000;\">Gastronom\u00eda de Tzintzuntzan y Santa Fe de La Laguna, Michoac\u00e1n (M\u00e9xico)<\/span><\/a><\/span><\/td>\n<\/tr>\n<tr lang=\"\" style=\"background-color: #ffff00;\" valign=\"top\">\n<td><\/td>\n<td style=\"text-align: center;\"><strong>La cocina yucateca <\/strong>(monogr\u00e1fico)<\/td>\n<td><\/td>\n<\/tr>\n<tr>\n<td><span style=\"color: #000000;\"><a href=\"http:\/\/www.historiacocina.com\/paises\/articulos\/mexico\/index.htm\" target=\"_blank\"><span style=\"color: #000000;\">Introducci\u00f3n, pr\u00f3logo de proyecto y glosarios<\/span><\/a><\/span><\/td>\n<td><span style=\"color: #000000;\"><a href=\"http:\/\/www.historiacocina.com\/paises\/articulos\/mexico\/capitulo1.html\" target=\"_blank\"><span style=\"color: #000000;\">Cap\u00edtulo I: La pen\u00ednsula de Yucat\u00e1n<\/span><\/a><\/span><\/td>\n<td><span style=\"color: #000000;\"><a href=\"http:\/\/www.historiacocina.com\/paises\/articulos\/mexico\/capitulo2.html\" target=\"_blank\"><span style=\"color: #000000;\">Cap\u00edtulo II: Fusi\u00f3n de culturas<\/span><\/a><\/span><\/td>\n<\/tr>\n<tr>\n<td><span style=\"color: #000000;\"><a href=\"http:\/\/www.historiacocina.com\/paises\/articulos\/mexico\/capitulo3.html\" target=\"_blank\"><span style=\"color: #000000;\">Cap\u00edtulo III: Mundo \u00e1rabe<\/span><\/a><\/span><\/td>\n<td><span style=\"color: #000000;\"><a href=\"http:\/\/www.historiacocina.com\/paises\/articulos\/mexico\/capitulo4.html\" target=\"_blank\"><span style=\"color: #000000;\">Cap\u00edtulo IV: Am\u00e9rica y el Caribe<\/span><\/a><\/span><\/td>\n<td><span style=\"color: #000000;\"><a href=\"http:\/\/www.historiacocina.com\/paises\/articulos\/mexico\/recetas.htm\" target=\"_blank\"><span style=\"color: #000000;\">Recetas t\u00edpicas yucatecas<\/span><\/a><\/span><\/td>\n<\/tr>\n<tr lang=\"\" style=\"background-color: #99cc99;\" valign=\"top\">\n<td><\/td>\n<td style=\"text-align: center;\"><strong>Bebidas y tragos<\/strong><\/td>\n<td><\/td>\n<\/tr>\n<tr valign=\"top\">\n<td><span style=\"color: #000000;\"><a href=\"http:\/\/www.historiacocina.com\/especiales\/parras\/parras.htm\" target=\"_blank\"><span style=\"color: #000000;\">La vitinicultura en el pueblo de Santa Mar\u00eda de las Parras. Producci\u00f3n de vinos, vinagres y aguardientes bajo el paradigma andaluz (monogr\u00e1fico)<\/span><\/a><\/span><\/td>\n<td><span style=\"color: #000000;\"><a href=\"http:\/\/www.historiacocina.com\/paises\/articulos\/mexico\/cervezamex.htm\" target=\"_blank\"><span style=\"color: #000000;\">Historia de la cerveza en M\u00e9xico<\/span><\/a><\/span><\/td>\n<td><span style=\"color: #000000;\"><a href=\"http:\/\/www.historiacocina.com\/historia\/articulos\/atole.htm\" target=\"_blank\"><span style=\"color: #000000;\">Sobre algunas bebidas refrescantes y saludables que se toman en M\u00e9xico<\/span><\/a><\/span><\/td>\n<\/tr>\n<tr align=\"left\" valign=\"top\">\n<td><a href=\"https:\/\/www.historiacocina.com\/es\/el-pulque-en-tacubaya-durante-la-epoca-colonial\" target=\"_blank\"><span style=\"color: #000000;\"><span style=\"color: #000000;\">Breves noticias sobre la producci\u00f3n de pulque en Tacubaya en la \u00e9poca colonial<\/span><\/span><\/a><\/td>\n<td>\u00a0<span style=\"color: #000000;\"><a href=\"https:\/\/www.historiacocina.com\/es\/chiringuito\" target=\"_blank\"><span style=\"color: #000000;\">Historia del aguardiente o ron mexicano: el chiringuito<\/span><\/a><\/span><\/td>\n<td><\/td>\n<\/tr>\n<\/tbody>\n<\/table>\n<p>&nbsp;<\/p>\n<\/div>\n","protected":false},"excerpt":{"rendered":"<p>Visite los magn\u00edficos trabajos sobre Etnohistoria de nuestra compa\u00f1era Martha Delf\u00edn Guillaum\u00edn en nuestra otra revista Ciberjob presionando aqu\u00ed \u00a0Costumbres alimenticias de los indios Los perros como alimento en Mesoam\u00e9rica Alimentaci\u00f3n de los Pitahayas Una extra\u00f1a de comer de los &hellip; <a href=\"https:\/\/www.historiacocina.com\/es\/gastronomia-por-paises\/mexico-2\">Sigue leyendo <span class=\"meta-nav\">&rarr;<\/span><\/a><\/p>\n","protected":false},"author":1,"featured_media":0,"parent":1489,"menu_order":0,"comment_status":"closed","ping_status":"closed","template":"","meta":{"_mi_skip_tracking":false,"_exactmetrics_sitenote_active":false,"_exactmetrics_sitenote_note":"","_exactmetrics_sitenote_category":0},"aioseo_notices":[],"_links":{"self":[{"href":"https:\/\/www.historiacocina.com\/es\/wp-json\/wp\/v2\/pages\/1519"}],"collection":[{"href":"https:\/\/www.historiacocina.com\/es\/wp-json\/wp\/v2\/pages"}],"about":[{"href":"https:\/\/www.historiacocina.com\/es\/wp-json\/wp\/v2\/types\/page"}],"author":[{"embeddable":true,"href":"https:\/\/www.historiacocina.com\/es\/wp-json\/wp\/v2\/users\/1"}],"replies":[{"embeddable":true,"href":"https:\/\/www.historiacocina.com\/es\/wp-json\/wp\/v2\/comments?post=1519"}],"version-history":[{"count":54,"href":"https:\/\/www.historiacocina.com\/es\/wp-json\/wp\/v2\/pages\/1519\/revisions"}],"predecessor-version":[{"id":6823,"href":"https:\/\/www.historiacocina.com\/es\/wp-json\/wp\/v2\/pages\/1519\/revisions\/6823"}],"up":[{"embeddable":true,"href":"https:\/\/www.historiacocina.com\/es\/wp-json\/wp\/v2\/pages\/1489"}],"wp:attachment":[{"href":"https:\/\/www.historiacocina.com\/es\/wp-json\/wp\/v2\/media?parent=1519"}],"curies":[{"name":"wp","href":"https:\/\/api.w.org\/{rel}","templated":true}]}}