{"id":1935,"date":"2012-05-18T12:35:26","date_gmt":"2012-05-18T10:35:26","guid":{"rendered":"http:\/\/www.historiacocina.com\/es\/?page_id=1935"},"modified":"2012-08-04T11:37:15","modified_gmt":"2012-08-04T09:37:15","slug":"estados-unidos","status":"publish","type":"page","link":"https:\/\/www.historiacocina.com\/es\/gastronomia-por-paises\/estados-unidos","title":{"rendered":"Historia de la gastronom\u00eda de Estados Unidos"},"content":{"rendered":"<div align=\"center\">\n<p>&nbsp;<\/p>\n<table style=\"border-collapse: collapse; width: 100%;\" border=\"0\" cellspacing=\"8\" cellpadding=\"8\">\n<tbody>\n<tr id=\"\" style=\"background-color: #9d84e6;\" lang=\"\" dir=\"\" align=\"\" valign=\"\" bgcolor=\"\">\n<td width=\"33%\"><\/td>\n<td style=\"text-align: center;\" width=\"33%\">\u00a0<strong>Gastronom\u00eda de los indios y mestiza<\/strong><\/td>\n<td width=\"34%\"><\/td>\n<\/tr>\n<tr>\n<td width=\"33%\"><a href=\"http:\/\/www.historiacocina.com\/paises\/articulos\/apaches.htm\" target=\"_blank\"><span style=\"color: #000000;\">Breves noticias sobre la comida y la bebida entre los apaches y otros pueblos indios<\/span><\/a><\/td>\n<td width=\"33%\"><span style=\"color: #000000;\"><a href=\"http:\/\/www.historiacocina.com\/historia\/articulos\/pavo.html\" target=\"_blank\"><span style=\"color: #000000;\">Breve historia del pavo<\/span><\/a><\/span><\/td>\n<td width=\"34%\"><a href=\"http:\/\/www.historiacocina.com\/historia\/articulos\/pemmican.htm\" target=\"_blank\"><span style=\"color: #000000;\">La historia del pemmican, un alimento de supervivencia<\/span><\/a><\/td>\n<\/tr>\n<tr id=\"\" style=\"background-color: #ffbd5b;\" lang=\"\" dir=\"\" align=\"\" valign=\"\" bgcolor=\"\">\n<td width=\"33%\"><\/td>\n<td style=\"text-align: center;\" width=\"33%\"><strong>Dietas y alimentaci\u00f3n<\/strong><\/td>\n<td width=\"34%\"><\/td>\n<\/tr>\n<tr>\n<td colspan=\"1\"><a href=\"http:\/\/www.historiacocina.com\/paises\/articulos\/fat.htm\" target=\"_blank\"><span style=\"color: #000000;\">Del Far West al Fat Food<\/span><\/a><\/td>\n<td colspan=\"1\"><span style=\"color: #000000;\"><a href=\"http:\/\/www.historiacocina.com\/historia\/articulos\/hamburguesa.htm\" target=\"_blank\"><span style=\"color: #000000;\">Historia de la hamburguesa<\/span><\/a><\/span><\/td>\n<td colspan=\"1\"><a href=\"http:\/\/www.historiacocina.com\/historia\/articulos\/comidabasura.htm\" target=\"_blank\"><span style=\"color: #000000;\">La verdadera historia de la comida basura o fast food<\/span><\/a><\/td>\n<\/tr>\n<tr>\n<td colspan=\"1\"><a href=\"http:\/\/www.historiacocina.com\/dietas\/articulos\/atkins.html\" target=\"_blank\"><span style=\"color: #000000;\">Casi una novela de intriga, la dieta Atkins<\/span><\/a><\/td>\n<td colspan=\"1\"><span style=\"color: #000000;\"><a href=\"http:\/\/www.historiacocina.com\/paises\/articulos\/nuevaorleans.htm\" target=\"_blank\"><span style=\"color: #000000;\">Historia de una cocina a punto de extinguirse, la de Nueva Orle\u00e1ns<\/span><\/a><\/span><\/td>\n<td colspan=\"1\"><a href=\"http:\/\/www.historiacocina.com\/historia\/tomate\/vuelta.html\" target=\"_blank\"><span style=\"color: #000000;\">Vuelta a casa, historia del tomate en Estados Unidos (dentro del monogr\u00e1fico dedicado a la historia del tomate)<\/span><\/a><\/td>\n<\/tr>\n<tr>\n<td colspan=\"1\"><span style=\"color: #000000;\"><a href=\"http:\/\/www.historiacocina.com\/historia\/tomate\/eeuu.html\" target=\"_blank\"><span style=\"color: #000000;\">Presente del tomate (dentro del monogr\u00e1fico dedicado a la historia del tomate)\u00a0<\/span><\/a><\/span><\/td>\n<td colspan=\"1\"><span style=\"color: #000000;\"><a href=\"http:\/\/www.historiacocina.com\/historia\/tomate\/lata.html\"><span style=\"color: #000000;\">Tomate en lata, una lata de tomate (dentro del monogr\u00e1fico dedicado a la historia del tomate)<\/span><\/a><\/span><\/td>\n<td><span style=\"color: #000000;\">\u00a0<a href=\"https:\/\/www.historiacocina.com\/es\/san-francisco\"><span style=\"color: #000000;\">San Francisco, un buen lugar para pasear y comer algo rico<\/span><\/a><\/span><\/td>\n<\/tr>\n<tr id=\"\" style=\"background-color: #cccccc;\" lang=\"\" dir=\"\" align=\"\" valign=\"\" bgcolor=\"\">\n<td colspan=\"1\"><\/td>\n<td style=\"text-align: center;\" colspan=\"1\"><strong>Cocineros y gastr\u00f3nomos<\/strong><\/td>\n<td colspan=\"1\"><\/td>\n<\/tr>\n<tr>\n<td colspan=\"1\"><span style=\"color: #000000;\"><a href=\"http:\/\/www.historiacocina.com\/paises\/articulos\/cocinerosny.htm\" target=\"_blank\"><span style=\"color: #000000;\">Historia de cuatro cocineros de Nueva York, m\u00e1s uno extra, en los dorados a\u00f1os 20 del siglo pasado, contado por el maestro Ignacio Dom\u00e9nech<\/span><\/a><\/span><\/td>\n<td colspan=\"1\"><span style=\"color: #000000;\"><a href=\"http:\/\/www.historiacocina.com\/gourmets\/actuales\/trotter.html\"><span style=\"color: #000000;\">Charlie Trotter<\/span><\/a><\/span><\/td>\n<td colspan=\"1\"><\/td>\n<\/tr>\n<tr id=\"\" style=\"background-color: #9db5ff;\" lang=\"\" dir=\"\" align=\"\" valign=\"\" bgcolor=\"\">\n<td colspan=\"1\"><\/td>\n<td style=\"text-align: center;\" colspan=\"1\"><strong>Alimentaci\u00f3n de los astronautas<\/strong><\/td>\n<td colspan=\"1\"><\/td>\n<\/tr>\n<tr>\n<td colspan=\"1\"><a href=\"http:\/\/www.historiacocina.com\/especiales\/articulos\/locahistoria.htm\" target=\"_blank\"><span style=\"color: #000000;\">La loca historia de la alimentaci\u00f3n en el espacio<\/span><\/a><\/td>\n<td colspan=\"1\"><a href=\"http:\/\/www.historiacocina.com\/especiales\/articulos\/odiseaespacial.htm\" target=\"_blank\"><span style=\"color: #000000;\">Una odisea espacial, la alimentaci\u00f3n de los astronautas<\/span><\/a><\/td>\n<td colspan=\"1\"><\/td>\n<\/tr>\n<tr id=\"\" style=\"background-color: #ffff00;\" lang=\"\" dir=\"\" align=\"\" valign=\"\" bgcolor=\"\">\n<td colspan=\"1\"><\/td>\n<td style=\"text-align: center;\" colspan=\"1\"><strong>Inventores e inventos<\/strong><\/td>\n<td colspan=\"1\"><\/td>\n<\/tr>\n<tr>\n<td colspan=\"1\"><span style=\"font-size: x-small;\"><a href=\"http:\/\/www.historiacocina.com\/historia\/articulos\/frio.htm\" target=\"_blank\"><span style=\"color: #000000;\">La historia del fr\u00edo en la alimentaci\u00f3n, las neveras y los frigor\u00edficos<\/span><\/a><\/span><\/td>\n<td colspan=\"1\"><\/td>\n<td colspan=\"1\"><\/td>\n<\/tr>\n<tr id=\"\" style=\"background-color: #d684ad;\" lang=\"\" dir=\"\" align=\"\" valign=\"\" bgcolor=\"\">\n<td colspan=\"1\"><\/td>\n<td style=\"text-align: center;\" colspan=\"1\"><strong>Bebidas<\/strong><\/td>\n<td colspan=\"1\"><\/td>\n<\/tr>\n<tr>\n<td colspan=\"1\"><a href=\"http:\/\/www.historiacocina.com\/especiales\/articulos\/martini.htm\" target=\"_blank\"><span style=\"color: #000000;\">La historia del Martini<\/span><\/a><\/td>\n<td colspan=\"1\"><\/td>\n<td colspan=\"1\"><\/td>\n<\/tr>\n<\/tbody>\n<\/table>\n<\/div>\n","protected":false},"excerpt":{"rendered":"<p>&nbsp; \u00a0Gastronom\u00eda de los indios y mestiza Breves noticias sobre la comida y la bebida entre los apaches y otros pueblos indios Breve historia del pavo La historia del pemmican, un alimento de supervivencia Dietas y alimentaci\u00f3n Del Far West &hellip; <a href=\"https:\/\/www.historiacocina.com\/es\/gastronomia-por-paises\/estados-unidos\">Sigue leyendo <span class=\"meta-nav\">&rarr;<\/span><\/a><\/p>\n","protected":false},"author":1,"featured_media":0,"parent":1489,"menu_order":0,"comment_status":"closed","ping_status":"open","template":"","meta":{"_mi_skip_tracking":false,"_exactmetrics_sitenote_active":false,"_exactmetrics_sitenote_note":"","_exactmetrics_sitenote_category":0},"aioseo_notices":[],"_links":{"self":[{"href":"https:\/\/www.historiacocina.com\/es\/wp-json\/wp\/v2\/pages\/1935"}],"collection":[{"href":"https:\/\/www.historiacocina.com\/es\/wp-json\/wp\/v2\/pages"}],"about":[{"href":"https:\/\/www.historiacocina.com\/es\/wp-json\/wp\/v2\/types\/page"}],"author":[{"embeddable":true,"href":"https:\/\/www.historiacocina.com\/es\/wp-json\/wp\/v2\/users\/1"}],"replies":[{"embeddable":true,"href":"https:\/\/www.historiacocina.com\/es\/wp-json\/wp\/v2\/comments?post=1935"}],"version-history":[{"count":23,"href":"https:\/\/www.historiacocina.com\/es\/wp-json\/wp\/v2\/pages\/1935\/revisions"}],"predecessor-version":[{"id":1970,"href":"https:\/\/www.historiacocina.com\/es\/wp-json\/wp\/v2\/pages\/1935\/revisions\/1970"}],"up":[{"embeddable":true,"href":"https:\/\/www.historiacocina.com\/es\/wp-json\/wp\/v2\/pages\/1489"}],"wp:attachment":[{"href":"https:\/\/www.historiacocina.com\/es\/wp-json\/wp\/v2\/media?parent=1935"}],"curies":[{"name":"wp","href":"https:\/\/api.w.org\/{rel}","templated":true}]}}