{"id":1937,"date":"2012-05-18T12:35:46","date_gmt":"2012-05-18T10:35:46","guid":{"rendered":"http:\/\/www.historiacocina.com\/es\/?page_id=1937"},"modified":"2012-05-24T11:59:38","modified_gmt":"2012-05-24T09:59:38","slug":"peru","status":"publish","type":"page","link":"https:\/\/www.historiacocina.com\/es\/gastronomia-por-paises\/peru","title":{"rendered":"Historia de la gastronom\u00eda de Per\u00fa"},"content":{"rendered":"<div align=\"center\">\n<p>&nbsp;<\/p>\n<table style=\"border-collapse: collapse;\" width=\"100%\" border=\"0\" cellspacing=\"8\" cellpadding=\"8\">\n<tbody>\n<tr id=\"\" style=\"background-color: #e68484;\" lang=\"\" dir=\"\" align=\"\" valign=\"\" bgcolor=\"\">\n<td width=\"33%\"><\/td>\n<td style=\"text-align: center;\" width=\"33%\"><strong>\u00a0B\u00e1sico para conocer la gastronom\u00eda andina<\/strong><\/td>\n<td width=\"34%\"><\/td>\n<\/tr>\n<tr>\n<td width=\"33%\">\u00a0<a href=\"http:\/\/www.historiacocina.com\/paises\/articulos\/peru\/antroperu.htm\" target=\"_blank\"><span style=\"color: #000000;\">Historia general y antropol\u00f3gica del \u00e1rea andina<\/span><\/a><\/td>\n<td width=\"33%\">\u00a0<a href=\"http:\/\/www.historiacocina.com\/paises\/articulos\/peru\/peru.htm\" target=\"_blank\"><span style=\"color: #000000;\">Los or\u00edgenes de la gastronom\u00eda peruana<\/span><\/a><\/td>\n<td width=\"34%\"><a href=\"http:\/\/www.historiacocina.com\/es\/historia-del-azucar\"><span style=\"color: #000000;\"><span style=\"color: #000000;\">\u00a0Historia del az\u00facar en Per\u00fa (dentro del monogr\u00e1fico dedicado al az\u00facar)<\/span><\/span><\/a><\/td>\n<\/tr>\n<tr id=\"\" style=\"background-color: #b996ff;\" lang=\"\" dir=\"\" align=\"\" valign=\"\" bgcolor=\"\">\n<td width=\"33%\"><\/td>\n<td style=\"text-align: center;\" width=\"33%\"><strong>Mitolog\u00eda gastron\u00f3mica<\/strong><\/td>\n<td width=\"34%\"><\/td>\n<\/tr>\n<tr>\n<td colspan=\"1\"><span style=\"color: #000000;\"><a href=\"http:\/\/www.historiacocina.com\/paises\/articulos\/peru\/chicha.htm\" target=\"_blank\"><span style=\"color: #000000;\">La chicha, bebida m\u00e1gica de los Apus<\/span><\/a><\/span><\/td>\n<td colspan=\"1\"><a href=\"http:\/\/www.historiacocina.com\/dietas\/articulos\/peru\/ahiwake.html\" target=\"_blank\"><span style=\"color: #000000;\">Leyenda de como el ave Chiwake ense\u00f1\u00f3 a los peruanos a cocinar<\/span><\/a><\/td>\n<td colspan=\"1\"><a href=\"http:\/\/www.historiacocina.com\/dietas\/articulos\/peru\/achikay.htm\" target=\"_blank\"><span style=\"color: #000000;\">Achicay, la bruja cocinera<\/span><\/a><\/td>\n<\/tr>\n<tr>\n<td colspan=\"1\"><a href=\"http:\/\/www.historiacocina.com\/dietas\/articulos\/peru\/apus.html\" target=\"_blank\"><span style=\"color: #000000;\">El ma\u00edz, la recompensa de los Apus<\/span><\/a><\/td>\n<td colspan=\"1\"><a href=\"http:\/\/www.historiacocina.com\/dietas\/articulos\/peru\/acataymita.html\" target=\"_blank\"><span style=\"color: #000000;\">Acataymita, la competencia de la vida<\/span><\/a><\/td>\n<td colspan=\"1\"><a href=\"http:\/\/www.historiacocina.com\/dietas\/articulos\/peru\/reconocimiento.html\" target=\"_blank\"><span style=\"color: #000000;\">El reconocimiento de los dioses<\/span><\/a><\/td>\n<\/tr>\n<tr>\n<td colspan=\"1\"><a href=\"http:\/\/www.historiacocina.com\/dietas\/articulos\/peru\/rumi.htm\" target=\"_blank\"><span style=\"color: #000000;\">Rumi \u00d1ahui y la Achirana de Ica o la historia mitol\u00f3gica de los canales de riego en los campos del valle de Ica en Per\u00fa<\/span><\/a><\/td>\n<td colspan=\"1\"><a href=\"http:\/\/www.historiacocina.com\/dietas\/articulos\/peru\/palomitas.html\" target=\"_blank\"><span style=\"color: #000000;\">Kalicun y las palomitas de ma\u00edz<\/span><\/a><\/td>\n<td colspan=\"1\"><a href=\"http:\/\/www.historiacocina.com\/dietas\/articulos\/afroperu.html\" target=\"_blank\"><span style=\"color: #000000;\">Gastronom\u00eda afrodis\u00edaca peruana<\/span><\/a><\/td>\n<\/tr>\n<tr>\n<td colspan=\"1\"><a href=\"http:\/\/www.historiacocina.com\/dietas\/articulos\/peru\/gastrafro.html\" target=\"_blank\"><span style=\"color: #000000;\">El mundo m\u00e1gico de la gastronom\u00eda peruana<\/span><\/a><\/td>\n<td colspan=\"1\"><\/td>\n<td colspan=\"1\"><\/td>\n<\/tr>\n<tr id=\"\" style=\"background-color: #debd5b;\" lang=\"\" dir=\"\" align=\"\" valign=\"\" bgcolor=\"\">\n<td colspan=\"1\"><\/td>\n<td style=\"text-align: center;\" colspan=\"1\"><strong>Aportes gastron\u00f3micos<\/strong><\/td>\n<td colspan=\"1\"><\/td>\n<\/tr>\n<tr>\n<td colspan=\"1\"><span style=\"color: #000000;\"><a href=\"http:\/\/www.historiacocina.com\/monograficos\/patata.htm\" target=\"_blank\"><span style=\"color: #000000;\">Historia de la patata (monogr\u00e1fico)<\/span><\/a><\/span><\/td>\n<td colspan=\"1\"><a href=\"http:\/\/www.historiacocina.com\/paises\/articulos\/peru\/pescado.htm\" target=\"_blank\"><span style=\"color: #000000;\">Consumo de pescado en la historia de Per\u00fa<\/span><\/a><\/td>\n<td colspan=\"1\"><span style=\"color: #000000;\"><a href=\"http:\/\/www.historiacocina.com\/historia\/articulos\/pachamanca.htm\" target=\"_blank\"><span style=\"color: #000000;\">Historia de la pachamanca<\/span><\/a><\/span><\/td>\n<\/tr>\n<tr>\n<td colspan=\"1\"><span style=\"color: #000000;\"><a href=\"http:\/\/www.historiacocina.com\/historia\/articulos\/cristomoreno.html\" target=\"_blank\"><span style=\"color: #000000;\">El dulce del Cristo Moreno<\/span><\/a><\/span><\/td>\n<td colspan=\"1\"><a href=\"http:\/\/www.historiacocina.com\/paises\/articulos\/peru\/cebiche.html\" target=\"_blank\"><span style=\"color: #000000;\">La fascinante historia del cebiche<\/span><\/a><\/td>\n<td colspan=\"1\"><span style=\"color: #000000;\"><a href=\"http:\/\/www.historiacocina.com\/paises\/articulos\/peru\/cocharcas.htm\" target=\"_blank\"><span style=\"color: #000000;\">La Mamacha Cocinera y las Papas a la Huanca\u00edna<\/span><\/a><\/span><strong><a href=\"..\/paises\/articulos\/peru\/cocharcas.htm\">\u00a0<\/a><\/strong><\/td>\n<\/tr>\n<tr>\n<td colspan=\"1\"><span style=\"color: #000000;\"><a href=\"http:\/\/www.historiacocina.com\/paises\/articulos\/peru\/olivoperu.htm\" target=\"_blank\"><span style=\"color: #000000;\">Historia del olivo en el Per\u00fa<\/span><\/a><\/span><\/td>\n<td colspan=\"1\"><a href=\"http:\/\/www.historiacocina.com\/paises\/articulos\/peru\/anticucho.htm\" target=\"_blank\"><span style=\"color: #000000;\">El Anticucho y la Gastro-Aromacolog\u00eda<\/span><\/a><\/td>\n<td colspan=\"1\"><\/td>\n<\/tr>\n<tr id=\"\" style=\"background-color: #adbdff;\" lang=\"\" dir=\"\" align=\"\" valign=\"\" bgcolor=\"\">\n<td colspan=\"1\"><\/td>\n<td style=\"text-align: center;\" colspan=\"1\"><strong>Abor\u00edgenes y pasado<\/strong><\/td>\n<td colspan=\"1\"><\/td>\n<\/tr>\n<tr>\n<td colspan=\"1\"><span style=\"color: #000000;\"><a href=\"http:\/\/www.historiacocina.com\/paises\/articulos\/peru\/taquile.htm\" target=\"_blank\"><span style=\"color: #000000;\">Taquile (Per\u00fa), la isla de los hijos del sol<\/span><\/a><\/span><\/td>\n<td colspan=\"1\"><span style=\"color: #000000;\"><a href=\"http:\/\/www.historiacocina.com\/paises\/articulos\/peru\/uros.htm\" target=\"_blank\"><span style=\"color: #000000;\">Etnia de los Uros, los due\u00f1os del lago Titicaca<\/span><\/a><\/span><\/td>\n<td colspan=\"1\"><a href=\"http:\/\/www.historiacocina.com\/paises\/articulos\/peru\/pregoneros.htm\" target=\"_blank\"><span style=\"color: #000000;\">Los pregoneros en el Per\u00fa virreinal<\/span><\/a><\/td>\n<\/tr>\n<tr>\n<td colspan=\"1\"><span style=\"color: #000000;\"><a href=\"http:\/\/www.historiacocina.com\/paises\/articulos\/honor.htm\" target=\"_blank\"><span style=\"color: #000000;\">Honor, amor y sabor en los Andes<\/span><\/a><\/span><\/td>\n<td colspan=\"1\"><a href=\"http:\/\/www.historiacocina.com\/paises\/articulos\/peru\/panarquista.htm\" target=\"_blank\"><span style=\"color: #000000;\">Historia de los panaderos anarquistas de Per\u00fa<\/span><\/a><\/td>\n<td colspan=\"1\"><\/td>\n<\/tr>\n<tr id=\"\" style=\"background-color: #5bad33;\" lang=\"\" dir=\"\" align=\"\" valign=\"\" bgcolor=\"\">\n<td colspan=\"1\"><\/td>\n<td style=\"text-align: center;\" colspan=\"1\"><strong>\u00a0Cocineros y gastr\u00f3nomos<\/strong><\/td>\n<td colspan=\"1\"><\/td>\n<\/tr>\n<tr>\n<td colspan=\"1\"><a href=\"http:\/\/www.historiacocina.com\/gourmets\/articulos\/garcilaso.htm\" target=\"_blank\"><span style=\"color: #000000;\">Garcilaso de la Vega, primer criollo (1539-1616)<\/span><\/a><\/td>\n<td colspan=\"1\"><span style=\"color: #000000;\"><a href=\"http:\/\/www.historiacocina.com\/paises\/articulos\/peru\/josepha.htm\" target=\"_blank\"><span style=\"color: #000000;\">La historia de Do\u00f1a Josepha de Escurrechea, una noble cocinera<\/span><\/a><\/span><\/td>\n<td colspan=\"1\"><span style=\"color: #000000;\"><a href=\"http:\/\/www.historiacocina.com\/gourmets\/murcielago\/murcielago.html\" target=\"_blank\"><span style=\"color: #000000;\">El Murci\u00e9lago y la gastronom\u00eda del siglo XIX en Per\u00fa<\/span><\/a><\/span><\/td>\n<\/tr>\n<tr>\n<td colspan=\"1\"><a href=\"http:\/\/www.historiacocina.com\/gourmets\/articulos\/ricardopalma.html\" target=\"_blank\"><span style=\"color: #000000;\">Ricardo Palma (1833-1919). Las Tradiciones en la Gastronom\u00eda Peruana<\/span><\/a><\/td>\n<td colspan=\"1\"><a href=\"http:\/\/www.historiacocina.com\/gourmets\/articulos\/prince.html\" target=\"_blank\"><span style=\"color: #000000;\">Carlos Prince. (1836-1919)<\/span><\/a><\/td>\n<td colspan=\"1\"><a href=\"http:\/\/www.historiacocina.com\/gourmets\/articulos\/federicomore.htm\" target=\"_blank\"><span style=\"color: #000000;\">Federico More Barrionuevo (1889-1955), el cronista del buen comer y beber<\/span><\/a><\/td>\n<\/tr>\n<tr>\n<td colspan=\"1\"><span style=\"color: #000000;\"><a href=\"http:\/\/www.historiacocina.com\/gourmets\/articulos\/compadre.html\" target=\"_blank\"><span style=\"color: #000000;\">Ricardo Alcalde Mongrut. \u00abEl Compadre\u00a0 Guisao\u00bb (1909-1980)<\/span><\/a><\/span><\/td>\n<td colspan=\"1\"><\/td>\n<td colspan=\"1\"><\/td>\n<\/tr>\n<tr id=\"\" style=\"background-color: #ffe684;\" lang=\"\" dir=\"\" align=\"\" valign=\"\" bgcolor=\"\">\n<td colspan=\"1\"><\/td>\n<td style=\"text-align: center;\" colspan=\"1\"><strong>Bebidas peruanas<\/strong><\/td>\n<td colspan=\"1\"><\/td>\n<\/tr>\n<tr>\n<td colspan=\"1\"><span style=\"color: #000000;\"><a href=\"http:\/\/www.historiacocina.com\/historia\/articulos\/pisco1.html\" target=\"_blank\"><span style=\"color: #000000;\">El famoso Pisco, historia y recetas<\/span><\/a><\/span><\/td>\n<td colspan=\"1\"><a href=\"http:\/\/www.historiacocina.com\/historia\/cerveza\/peru.htm\" target=\"_blank\"><span style=\"color: #000000;\">Historia de la cerveza en el Per\u00fa<\/span><\/a><\/td>\n<td colspan=\"1\"><\/td>\n<\/tr>\n<tr id=\"\" style=\"background-color: #ffb951;\" lang=\"\" dir=\"\" align=\"\" valign=\"\" bgcolor=\"\">\n<td colspan=\"1\"><\/td>\n<td style=\"text-align: center;\" colspan=\"1\"><strong>Relatos y narraciones<\/strong><\/td>\n<td colspan=\"1\"><\/td>\n<\/tr>\n<tr>\n<td colspan=\"1\"><span style=\"color: #000000;\"><a href=\"http:\/\/www.adamar.org\/al_calor_de_la_cocina\/000122.ariansen_cespedes.htm\" target=\"_blank\"><span style=\"color: #000000;\">La delicia de L\u00facuma y el Manchay Puito: Una historia de dulce y prohibido amor<\/span><\/a><\/span><\/td>\n<td colspan=\"1\"><a href=\"http:\/\/www.historiacocina.com\/narraciones\/angelina.html\" target=\"_blank\"><span style=\"color: #000000;\">Angelina y el padre Antonio<\/span><\/a><\/td>\n<td colspan=\"1\"><span style=\"color: #000000;\"><a href=\"http:\/\/www.historiacocina.com\/narraciones\/magia.html\" target=\"_blank\"><span style=\"color: #000000;\">La magia verde<\/span><\/a><\/span><\/td>\n<\/tr>\n<tr>\n<td colspan=\"1\"><span style=\"color: #000000;\"><a href=\"http:\/\/www.historiacocina.com\/narraciones\/sican.htm\" target=\"_blank\"><span style=\"color: #000000;\">El Oro, la Comida y el Mango de Sic\u00e1n<\/span><\/a><\/span><\/td>\n<td colspan=\"1\"><span style=\"color: #000000;\"><a href=\"http:\/\/www.historiacocina.com\/narraciones\/oropesa.htm\" target=\"_blank\"><span style=\"color: #000000;\">Oropesa, la capital mundial del pan<\/span><\/a><\/span><\/td>\n<td colspan=\"1\"><a href=\"http:\/\/www.historiacocina.com\/paises\/articulos\/peru\/ines.htm\" target=\"_blank\"><span style=\"color: #000000;\">El diario de In\u00e9s Mu\u00f1oz: El encuentro de dos mundos<\/span><\/a><\/td>\n<\/tr>\n<\/tbody>\n<\/table>\n<p>&nbsp;<\/p>\n<\/div>\n","protected":false},"excerpt":{"rendered":"<p>&nbsp; \u00a0B\u00e1sico para conocer la gastronom\u00eda andina \u00a0Historia general y antropol\u00f3gica del \u00e1rea andina \u00a0Los or\u00edgenes de la gastronom\u00eda peruana \u00a0Historia del az\u00facar en Per\u00fa (dentro del monogr\u00e1fico dedicado al az\u00facar) Mitolog\u00eda gastron\u00f3mica La chicha, bebida m\u00e1gica de los Apus &hellip; <a href=\"https:\/\/www.historiacocina.com\/es\/gastronomia-por-paises\/peru\">Sigue leyendo <span class=\"meta-nav\">&rarr;<\/span><\/a><\/p>\n","protected":false},"author":1,"featured_media":0,"parent":1489,"menu_order":0,"comment_status":"open","ping_status":"open","template":"","meta":{"_mi_skip_tracking":false,"_exactmetrics_sitenote_active":false,"_exactmetrics_sitenote_note":"","_exactmetrics_sitenote_category":0},"aioseo_notices":[],"_links":{"self":[{"href":"https:\/\/www.historiacocina.com\/es\/wp-json\/wp\/v2\/pages\/1937"}],"collection":[{"href":"https:\/\/www.historiacocina.com\/es\/wp-json\/wp\/v2\/pages"}],"about":[{"href":"https:\/\/www.historiacocina.com\/es\/wp-json\/wp\/v2\/types\/page"}],"author":[{"embeddable":true,"href":"https:\/\/www.historiacocina.com\/es\/wp-json\/wp\/v2\/users\/1"}],"replies":[{"embeddable":true,"href":"https:\/\/www.historiacocina.com\/es\/wp-json\/wp\/v2\/comments?post=1937"}],"version-history":[{"count":20,"href":"https:\/\/www.historiacocina.com\/es\/wp-json\/wp\/v2\/pages\/1937\/revisions"}],"predecessor-version":[{"id":1948,"href":"https:\/\/www.historiacocina.com\/es\/wp-json\/wp\/v2\/pages\/1937\/revisions\/1948"}],"up":[{"embeddable":true,"href":"https:\/\/www.historiacocina.com\/es\/wp-json\/wp\/v2\/pages\/1489"}],"wp:attachment":[{"href":"https:\/\/www.historiacocina.com\/es\/wp-json\/wp\/v2\/media?parent=1937"}],"curies":[{"name":"wp","href":"https:\/\/api.w.org\/{rel}","templated":true}]}}