{"id":1941,"date":"2012-05-18T12:36:24","date_gmt":"2012-05-18T10:36:24","guid":{"rendered":"http:\/\/www.historiacocina.com\/es\/?page_id=1941"},"modified":"2012-06-19T14:14:28","modified_gmt":"2012-06-19T12:14:28","slug":"caribe","status":"publish","type":"page","link":"https:\/\/www.historiacocina.com\/es\/gastronomia-por-paises\/caribe","title":{"rendered":"Historia de la gastronom\u00eda del Caribe"},"content":{"rendered":"<div align=\"center\">\n<p>&nbsp;<\/p>\n<table style=\"border-collapse: collapse; width: 100%;\" border=\"0\" cellspacing=\"8\" cellpadding=\"8\">\n<tbody>\n<tr id=\"\" style=\"background-color: #e06666;\" lang=\"\" dir=\"\" align=\"\" valign=\"\" bgcolor=\"\">\n<td width=\"33%\"><\/td>\n<td style=\"text-align: center;\" width=\"33%\"><strong>\u00a0La gastronom\u00eda de los conquistadores<\/strong><\/td>\n<td width=\"34%\"><\/td>\n<\/tr>\n<tr>\n<td width=\"33%\">\u00a0<span style=\"color: #000000;\"><a href=\"http:\/\/www.historiacocina.com\/viajeros\/articulos\/gomara\/espanola.html\" target=\"_blank\"><span style=\"color: #000000;\">La Espa\u00f1ola: Los recursos aut\u00f3ctonos y los tra\u00eddos de Espa\u00f1a<\/span><\/a><\/span><\/td>\n<td width=\"33%\">\u00a0<span style=\"color: #000000;\"><a href=\"http:\/\/www.historiacocina.com\/viajeros\/articulos\/gomara\/ignotas.html\" target=\"_blank\"><span style=\"color: #000000;\">Los recursos de las tierras ignotas<\/span><\/a><\/span><\/td>\n<td width=\"34%\">\u00a0<span style=\"color: #000000;\"><a href=\"http:\/\/www.historiacocina.com\/viajeros\/articulos\/gomara\/jaguaces.html\" target=\"_blank\"><span style=\"color: #000000;\">En la tierra de los Jaguaces<\/span><\/a><\/span><\/td>\n<\/tr>\n<tr>\n<td width=\"33%\">\u00a0<span style=\"color: #000000;\"><a href=\"http:\/\/www.historiacocina.com\/viajeros\/articulos\/gomara\/manati.html\" target=\"_blank\"><span style=\"color: #000000;\">El pez que llamaban en la Espa\u00f1ola manat\u00ed<\/span><\/a><\/span><\/td>\n<td width=\"33%\">\u00a0<span style=\"color: #000000;\"><a href=\"http:\/\/www.historiacocina.com\/viajeros\/articulos\/gomara\/veragua.html\" target=\"_blank\"><span style=\"color: #000000;\">Los desastres de Veragua<\/span><\/a><\/span><\/td>\n<td width=\"34%\"><span style=\"color: #000000;\"><a href=\"http:\/\/www.historiacocina.com\/viajeros\/articulos\/colon2.htm\" target=\"_blank\"><span style=\"color: #000000;\">El segundo viaje de Crist\u00f3bal Col\u00f3n a las Indias Occidentales<\/span><\/a><\/span><\/td>\n<\/tr>\n<tr>\n<td colspan=\"1\"><span style=\"color: #000000;\"><a href=\"http:\/\/www.historiacocina.com\/paises\/articulos\/caribe\/habana.htm\" target=\"_blank\"><span style=\"color: #000000;\">Historia de la gastronom\u00eda y la alimentaci\u00f3n de la Habana (Cuba) vistas desde la perspectiva de las Ordenanzas municipales de 1574, vigentes hasta 1856<\/span><\/a> <\/span><\/td>\n<td colspan=\"1\"><\/td>\n<td colspan=\"1\"><\/td>\n<\/tr>\n<tr id=\"\" style=\"background-color: #8cc570;\" lang=\"\" dir=\"\" align=\"\" valign=\"\" bgcolor=\"\">\n<td colspan=\"1\"><\/td>\n<td style=\"text-align: center;\" colspan=\"1\"><strong>Historia de la alimentaci\u00f3n en el Caribe (monogr\u00e1fico<\/strong><\/td>\n<td colspan=\"1\"><\/td>\n<\/tr>\n<tr>\n<td colspan=\"1\"><a href=\"http:\/\/www.historiacocina.com\/colaboraciones\/caribe\/index.htm\" target=\"_blank\"><span style=\"color: #000000;\">Sobre su autora e Introducci\u00f3n al trabajo<\/span><\/a><\/td>\n<td colspan=\"1\"><a href=\"http:\/\/www.historiacocina.com\/colaboraciones\/caribe\/indigenas.htm\" target=\"_blank\"><span style=\"color: #000000;\">Qui\u00e9nes eran los ind\u00edgenas del Caribe<\/span><\/a><\/td>\n<td colspan=\"1\"><a href=\"http:\/\/www.historiacocina.com\/colaboraciones\/caribe\/taina.htm\" target=\"_blank\"><span style=\"color: #000000;\">La agricultura Ta\u00edna<\/span><\/a><\/td>\n<\/tr>\n<tr>\n<td colspan=\"1\"><a href=\"http:\/\/www.historiacocina.com\/colaboraciones\/caribe\/cultivos.htm\" target=\"_blank\"><span style=\"color: #000000;\">Cultivos y su utilizaci\u00f3n<\/span><\/a><\/td>\n<td colspan=\"1\"><a href=\"http:\/\/www.historiacocina.com\/colaboraciones\/caribe\/animales.htm\" target=\"_blank\"><span style=\"color: #000000;\">Los animales, otra fuente de alimentaci\u00f3n<\/span><\/a><\/td>\n<td colspan=\"1\"><a href=\"http:\/\/www.historiacocina.com\/colaboraciones\/caribe\/comidas.htm\" target=\"_blank\"><span style=\"color: #000000;\">Preparaci\u00f3n de comidas precolombinas<\/span><\/a><\/td>\n<\/tr>\n<tr>\n<td colspan=\"1\"><span style=\"color: #000000;\"><a href=\"http:\/\/www.historiacocina.com\/colaboraciones\/caribe\/sigloxvi.htm\" target=\"_blank\"><span style=\"color: #000000;\">El contacto entre culturas. Siglo XVI y Los cultivos introducidos desde Espa\u00f1a<\/span><\/a><\/span><\/td>\n<td colspan=\"1\"><span style=\"color: #000000;\"><a href=\"http:\/\/www.historiacocina.com\/colaboraciones\/caribe\/africa.htm\" target=\"_blank\"><span style=\"color: #000000;\">Cultivos introducidos desde \u00c1frica y su consumo en Am\u00e9rica<\/span><\/a><\/span><\/td>\n<td colspan=\"1\"><span style=\"color: #000000;\"><a href=\"http:\/\/www.historiacocina.com\/colaboraciones\/caribe\/comeafrica.htm\" target=\"_blank\"><span style=\"color: #000000;\">Preparaci\u00f3n de comidas tras la fusi\u00f3n de culturas<\/span><\/a><\/span><\/td>\n<\/tr>\n<tr>\n<td colspan=\"1\"><span style=\"color: #000000;\"><a href=\"http:\/\/www.historiacocina.com\/colaboraciones\/caribe\/europea.htm\" target=\"_blank\"><span style=\"color: #000000;\">Influencia europea<\/span><\/a><\/span><\/td>\n<td colspan=\"1\"><span style=\"color: #000000;\"><a href=\"http:\/\/www.historiacocina.com\/colaboraciones\/caribe\/hoy.htm\" target=\"_blank\"><span style=\"color: #000000;\">La alimentaci\u00f3n en el Caribe hoy<\/span><\/a><\/span><\/td>\n<td colspan=\"1\"><a href=\"http:\/\/www.historiacocina.com\/colaboraciones\/caribe\/bibliografia.htm\" target=\"_blank\"><span style=\"color: #000000;\">Bibliograf\u00eda<\/span><\/a><\/td>\n<\/tr>\n<tr>\n<td colspan=\"1\"><span style=\"color: #000000;\"><a href=\"http:\/\/www.historiacocina.com\/colaboraciones\/caribe\/recetas.htm\" target=\"_blank\"><span style=\"color: #000000;\">Algunas recetas caribe\u00f1as<\/span><\/a><\/span><\/td>\n<td colspan=\"1\">\u00a0<span style=\"color: #000000;\"><a href=\"http:\/\/www.historiacocina.com\/es\/historia-del-cazabe\"><span style=\"color: #000000;\">\u00a0Historia de la yuca, la mandioca y el cazabe o casabe<\/span><\/a><\/span><\/td>\n<td colspan=\"1\"><\/td>\n<\/tr>\n<\/tbody>\n<\/table>\n<p>&nbsp;<\/p>\n<p>&nbsp;<\/p>\n<p>&nbsp;<\/p>\n<\/div>\n","protected":false},"excerpt":{"rendered":"<p>&nbsp; \u00a0La gastronom\u00eda de los conquistadores \u00a0La Espa\u00f1ola: Los recursos aut\u00f3ctonos y los tra\u00eddos de Espa\u00f1a \u00a0Los recursos de las tierras ignotas \u00a0En la tierra de los Jaguaces \u00a0El pez que llamaban en la Espa\u00f1ola manat\u00ed \u00a0Los desastres de Veragua &hellip; <a href=\"https:\/\/www.historiacocina.com\/es\/gastronomia-por-paises\/caribe\">Sigue leyendo <span class=\"meta-nav\">&rarr;<\/span><\/a><\/p>\n","protected":false},"author":1,"featured_media":0,"parent":1489,"menu_order":0,"comment_status":"closed","ping_status":"open","template":"","meta":{"_mi_skip_tracking":false,"_exactmetrics_sitenote_active":false,"_exactmetrics_sitenote_note":"","_exactmetrics_sitenote_category":0},"aioseo_notices":[],"_links":{"self":[{"href":"https:\/\/www.historiacocina.com\/es\/wp-json\/wp\/v2\/pages\/1941"}],"collection":[{"href":"https:\/\/www.historiacocina.com\/es\/wp-json\/wp\/v2\/pages"}],"about":[{"href":"https:\/\/www.historiacocina.com\/es\/wp-json\/wp\/v2\/types\/page"}],"author":[{"embeddable":true,"href":"https:\/\/www.historiacocina.com\/es\/wp-json\/wp\/v2\/users\/1"}],"replies":[{"embeddable":true,"href":"https:\/\/www.historiacocina.com\/es\/wp-json\/wp\/v2\/comments?post=1941"}],"version-history":[{"count":10,"href":"https:\/\/www.historiacocina.com\/es\/wp-json\/wp\/v2\/pages\/1941\/revisions"}],"predecessor-version":[{"id":2003,"href":"https:\/\/www.historiacocina.com\/es\/wp-json\/wp\/v2\/pages\/1941\/revisions\/2003"}],"up":[{"embeddable":true,"href":"https:\/\/www.historiacocina.com\/es\/wp-json\/wp\/v2\/pages\/1489"}],"wp:attachment":[{"href":"https:\/\/www.historiacocina.com\/es\/wp-json\/wp\/v2\/media?parent=1941"}],"curies":[{"name":"wp","href":"https:\/\/api.w.org\/{rel}","templated":true}]}}