{"id":6963,"date":"2014-10-16T12:52:13","date_gmt":"2014-10-16T10:52:13","guid":{"rendered":"http:\/\/www.historiacocina.com\/es\/?page_id=6963"},"modified":"2015-03-29T19:23:24","modified_gmt":"2015-03-29T17:23:24","slug":"aina-s-erice","status":"publish","type":"page","link":"https:\/\/www.historiacocina.com\/es\/somos-2\/aina-s-erice","title":{"rendered":"Aina S. Erice"},"content":{"rendered":"<p style=\"text-align: justify;\"><strong><img decoding=\"async\" loading=\"lazy\" class=\"alignleft size-full wp-image-7537\" src=\"http:\/\/www.historiacocina.com\/es\/wp-content\/uploads\/2014\/10\/Aina-bio1.jpg\" alt=\"Aina-bio1\" width=\"657\" height=\"747\" srcset=\"https:\/\/www.historiacocina.com\/es\/wp-content\/uploads\/2014\/10\/Aina-bio1.jpg 657w, https:\/\/www.historiacocina.com\/es\/wp-content\/uploads\/2014\/10\/Aina-bio1-264x300.jpg 264w\" sizes=\"(max-width: 657px) 100vw, 657px\" \/>Aina S. Erice<\/strong> disfruta comunicando ideas.<\/p>\n<p style=\"text-align: justify;\">Desde presentaciones universitarias hasta seminarios y conferencias, le gusta transmitir conceptos, y sobre todo historias, de la forma m\u00e1s clara, elegante, divertida y memorable posible.<\/p>\n<p style=\"text-align: justify;\">Su manera preferida de hacerlo, sin embargo, es <strong>escribiendo<\/strong>.<\/p>\n<p style=\"text-align: justify;\">Correo de contacto: aina@ainaserice.com<\/p>\n<p style=\"text-align: justify;\">Estudi\u00f3 y <strong>se licenci<\/strong><strong>\u00f3<\/strong> <strong>en ciencias<\/strong> \u2014en biolog\u00eda, para ser m\u00e1s exactos. Y, como no se le ocurr\u00eda otra cosa, hace unos a\u00f1os se sac\u00f3 un master (en Biolog\u00eda de las Plantas en Condiciones Mediterr\u00e1neas; todo, en la Universitat de les Illes Balears, o UIB para los amigos).<\/p>\n<p style=\"text-align: justify;\">No obstante, tiene una gran capacidad para interesarse por (casi) todo, y especialmente cualquier cosa que tenga que ver con<strong> la psique humana<\/strong>. Le encanta intentar entender a las personas, individual y colectivamente. Le encanta indagar sobre la diversidad cultural, la antropolog\u00eda, la arqueolog\u00eda, el arte, la historia.<\/p>\n<p style=\"text-align: justify;\">En general, eso no da mucho de comer. As\u00ed que, antes de poder dar rienda suelta a esta pasi\u00f3n, <strong>trabaj<\/strong><strong>\u00f3<\/strong> muy brevemente en una empresa de muros vegetales; hizo traducciones de software chapuceras (y otras de art\u00edculos, no-tan-chapuceras); fue divulgadora regional de iniciativas y asuntos europeos; termin\u00f3 gestionando proyectos europeos en una fundaci\u00f3n y una empresa de tecnolog\u00eda; para terminar arriesg\u00e1ndose y fundar una empresa de software con su Sr. de Erice.<\/p>\n<p style=\"text-align: justify;\">En paralelo, ha escrito un libro sobre la relaci\u00f3n cultural entre las plantas y nosotros, <em>La Invenci<\/em><em>\u00f3<\/em><em>n del Reino Vegetal<\/em>, apadrinado por Jose Antonio Marina y publicado con Ariel (http:\/\/www.planetadelibros.com\/la-invencion-del-reino-vegetal-libro-191658.html).<\/p>\n<p style=\"text-align: justify;\">Se la puede visitar en su web (<a href=\"http:\/\/ainaserice.com\/\" target=\"_blank\">http:\/\/ainaserice.com<\/a>), y leer su blog, <strong>Imaginando Vegetales<\/strong>, donde comparte informaci\u00f3n todo lo documentada que puede sobre tem\u00e1ticas variopintas, relacionadas con la etnobot\u00e1nica (o, lo que es lo mismo, la relaci\u00f3n cultural entre personas y vegetales).<\/p>\n<p style=\"text-align: justify;\">Es biling\u00fce nativa en catal\u00e1n y castellano; habla con fluidez ingl\u00e9s e italiano. Chapurrea franc\u00e9s con un acento que da el pego, y alg\u00fan d\u00eda retomar\u00e1 sus estudios de japon\u00e9s y \u00e1rabe (que puede reconocer escrito\u2014 que no hablar, ni entender demasiado bien).<\/p>\n<p style=\"text-align: justify;\"><strong>Admira<\/strong> la investigaci\u00f3n rigurosa, autocr\u00edtica y poco dogm\u00e1tica; disfruta del buen caf\u00e9, devora con gusto grandes cantidades de libros, y tiene debilidad por la <em>tarte tatin<\/em>.<\/p>\n<p style=\"text-align: justify;\">(no disfruta escribiendo sobre s\u00ed misma en tercera persona, pero era la opci\u00f3n \u2018menos peor\u2019 que se le ocurr\u00eda).<\/p>\n","protected":false},"excerpt":{"rendered":"<p>Aina S. Erice disfruta comunicando ideas. Desde presentaciones universitarias hasta seminarios y conferencias, le gusta transmitir conceptos, y sobre todo historias, de la forma m\u00e1s clara, elegante, divertida y memorable posible. Su manera preferida de hacerlo, sin embargo, es escribiendo. &hellip; <a href=\"https:\/\/www.historiacocina.com\/es\/somos-2\/aina-s-erice\">Sigue leyendo <span class=\"meta-nav\">&rarr;<\/span><\/a><\/p>\n","protected":false},"author":1,"featured_media":0,"parent":2209,"menu_order":0,"comment_status":"closed","ping_status":"closed","template":"","meta":{"_mi_skip_tracking":false,"_exactmetrics_sitenote_active":false,"_exactmetrics_sitenote_note":"","_exactmetrics_sitenote_category":0},"aioseo_notices":[],"_links":{"self":[{"href":"https:\/\/www.historiacocina.com\/es\/wp-json\/wp\/v2\/pages\/6963"}],"collection":[{"href":"https:\/\/www.historiacocina.com\/es\/wp-json\/wp\/v2\/pages"}],"about":[{"href":"https:\/\/www.historiacocina.com\/es\/wp-json\/wp\/v2\/types\/page"}],"author":[{"embeddable":true,"href":"https:\/\/www.historiacocina.com\/es\/wp-json\/wp\/v2\/users\/1"}],"replies":[{"embeddable":true,"href":"https:\/\/www.historiacocina.com\/es\/wp-json\/wp\/v2\/comments?post=6963"}],"version-history":[{"count":6,"href":"https:\/\/www.historiacocina.com\/es\/wp-json\/wp\/v2\/pages\/6963\/revisions"}],"predecessor-version":[{"id":7539,"href":"https:\/\/www.historiacocina.com\/es\/wp-json\/wp\/v2\/pages\/6963\/revisions\/7539"}],"up":[{"embeddable":true,"href":"https:\/\/www.historiacocina.com\/es\/wp-json\/wp\/v2\/pages\/2209"}],"wp:attachment":[{"href":"https:\/\/www.historiacocina.com\/es\/wp-json\/wp\/v2\/media?parent=6963"}],"curies":[{"name":"wp","href":"https:\/\/api.w.org\/{rel}","templated":true}]}}